{"id":84,"date":"2011-03-29T10:18:16","date_gmt":"2011-03-29T09:18:16","guid":{"rendered":"http:\/\/kallekamel.se\/?page_id=84"},"modified":"2016-03-12T11:49:51","modified_gmt":"2016-03-12T09:49:51","slug":"om-oss","status":"publish","type":"page","link":"https:\/\/kallekamel.se\/?page_id=84","title":{"rendered":"Vi p\u00e5 g\u00e5rden"},"content":{"rendered":"<p><a href=\"https:\/\/media.kallekamel.se\/2011\/03\/pelle_och_filip_221.jpg\"><img loading=\"lazy\" decoding=\"async\" class=\"size-medium wp-image-13 alignleft\" title=\"familj\" src=\"https:\/\/media.kallekamel.se\/2011\/03\/pelle_och_filip_221-300x225.jpg\" alt=\"\" width=\"300\" height=\"225\" srcset=\"https:\/\/media.kallekamel.se\/2011\/03\/pelle_och_filip_221-300x225.jpg 300w, https:\/\/media.kallekamel.se\/2011\/03\/pelle_och_filip_221.jpg 512w\" sizes=\"auto, (max-width: 300px) 100vw, 300px\" \/><\/a><br \/>\nVi, Inger Per-Ola och Pelle bor tillsammans med tv\u00e5 hundar och tre katter p\u00e5 g\u00e5rden.<br \/>\nHundarna heter Ulf och Lilleman och katterna Signe, Astrid och Selma. Kamelerna bor i ett eget hus och heter Kalle o Anna o Karlsson.<\/p>\n","protected":false},"excerpt":{"rendered":"<p>Vi, Inger Per-Ola och Pelle bor tillsammans med tv\u00e5 hundar och tre katter p\u00e5 g\u00e5rden. Hundarna heter Ulf och Lilleman och katterna Signe, Astrid och Selma. Kamelerna bor i ett eget hus och heter Kalle o Anna o Karlsson.<\/p>\n","protected":false},"author":1,"featured_media":0,"parent":71,"menu_order":1,"comment_status":"closed","ping_status":"closed","template":"","meta":{"footnotes":""},"class_list":["post-84","page","type-page","status-publish","hentry"],"_links":{"self":[{"href":"https:\/\/kallekamel.se\/index.php?rest_route=\/wp\/v2\/pages\/84","targetHints":{"allow":["GET"]}}],"collection":[{"href":"https:\/\/kallekamel.se\/index.php?rest_route=\/wp\/v2\/pages"}],"about":[{"href":"https:\/\/kallekamel.se\/index.php?rest_route=\/wp\/v2\/types\/page"}],"author":[{"embeddable":true,"href":"https:\/\/kallekamel.se\/index.php?rest_route=\/wp\/v2\/users\/1"}],"replies":[{"embeddable":true,"href":"https:\/\/kallekamel.se\/index.php?rest_route=%2Fwp%2Fv2%2Fcomments&post=84"}],"version-history":[{"count":10,"href":"https:\/\/kallekamel.se\/index.php?rest_route=\/wp\/v2\/pages\/84\/revisions"}],"predecessor-version":[{"id":2276,"href":"https:\/\/kallekamel.se\/index.php?rest_route=\/wp\/v2\/pages\/84\/revisions\/2276"}],"up":[{"embeddable":true,"href":"https:\/\/kallekamel.se\/index.php?rest_route=\/wp\/v2\/pages\/71"}],"wp:attachment":[{"href":"https:\/\/kallekamel.se\/index.php?rest_route=%2Fwp%2Fv2%2Fmedia&parent=84"}],"curies":[{"name":"wp","href":"https:\/\/api.w.org\/{rel}","templated":true}]}}