{"id":837,"date":"2011-09-08T12:20:12","date_gmt":"2011-09-08T10:20:12","guid":{"rendered":"http:\/\/kallekamel.se\/?page_id=837"},"modified":"2011-09-26T20:21:13","modified_gmt":"2011-09-26T18:21:13","slug":"kameler-i-vintern","status":"publish","type":"page","link":"https:\/\/kallekamel.se\/?page_id=837","title":{"rendered":"Kameler p\u00e5 vintern"},"content":{"rendered":"<p style=\"text-align: left;\">Kamelerna trivs utm\u00e4rkt p\u00e5 vintern n\u00e4r det \u00e4r riktigt kallt.<br \/>\nAtt rida kamel \u00e4r inget problem varken f\u00f6r kamelerna eller den som rider.<br \/>\n<a href=\"https:\/\/picasaweb.google.com\/lh\/photo\/FEAgbDiU16-C62QcMurfTQ?feat=directlink\"><img loading=\"lazy\" decoding=\"async\" class=\"alignleft\" title=\"Ali ridar i sn\u00f6n \" src=\"https:\/\/lh6.googleusercontent.com\/-d2bBHmjAXos\/TY71RejWx0I\/AAAAAAAAAK8\/RCMhElxtE-o\/s1152\/_OB_5571.jpg\" alt=\"\" width=\"640\" height=\"480\" \/><\/a>Man sitter som i en mjuk eluppv\u00e4rmd f\u00e5t\u00f6lj mellan pucklarna och kamelerna har inga problem att ta sig fram i h\u00f6g sn\u00f6.<a href=\"https:\/\/picasaweb.google.com\/lh\/photo\/Gqo4DmT-uLyKyXd7UzmB1g?feat=directlink\" target=\"blank\"><img loading=\"lazy\" decoding=\"async\" class=\"alignleft\" title=\"Kalle, Anna o karlsson i sn\u00f6n\" src=\"https:\/\/lh3.googleusercontent.com\/-eQZRFWlOGew\/TZjDVCzeKAI\/AAAAAAAAARk\/QS0JiVHdN0o\/s640\/kamel%252520f%2525C3%2525B6retags%252520bilder%252520inq%252520ab%252520031.JPG\" alt=\"\" width=\"640\" height=\"480\" \/><\/a><\/p>\n<p>En kamelfot \u00e4r bred med tv\u00e5 t\u00e5r. Om det \u00e4r halt kan de sprida sina t\u00e5r s\u00e5 att de f\u00e5r en b\u00e4ttre grepp.<br \/>\n<a href=\"https:\/\/media.kallekamel.se\/2011\/09\/kamelfot.jpg\"><img loading=\"lazy\" decoding=\"async\" class=\"alignleft size-medium wp-image-853\" title=\"kamelfot\" src=\"https:\/\/media.kallekamel.se\/2011\/09\/kamelfot-244x300.jpg\" alt=\"kamelfot (JAEbugsphoto )\" width=\"244\" height=\"300\" \/><\/a><\/p>\n","protected":false},"excerpt":{"rendered":"<p>Kamelerna trivs utm\u00e4rkt p\u00e5 vintern n\u00e4r det \u00e4r riktigt kallt. Att rida kamel \u00e4r inget problem varken f\u00f6r kamelerna eller den som rider. Man sitter som i en mjuk eluppv\u00e4rmd f\u00e5t\u00f6lj mellan pucklarna och kamelerna har inga problem att ta &hellip; <a href=\"https:\/\/kallekamel.se\/?page_id=837\">Forts\u00e4tt l\u00e4sa <span class=\"meta-nav\">&rarr;<\/span><\/a><\/p>\n","protected":false},"author":1,"featured_media":0,"parent":29,"menu_order":9,"comment_status":"closed","ping_status":"closed","template":"","meta":{"footnotes":""},"class_list":["post-837","page","type-page","status-publish","hentry"],"_links":{"self":[{"href":"https:\/\/kallekamel.se\/index.php?rest_route=\/wp\/v2\/pages\/837","targetHints":{"allow":["GET"]}}],"collection":[{"href":"https:\/\/kallekamel.se\/index.php?rest_route=\/wp\/v2\/pages"}],"about":[{"href":"https:\/\/kallekamel.se\/index.php?rest_route=\/wp\/v2\/types\/page"}],"author":[{"embeddable":true,"href":"https:\/\/kallekamel.se\/index.php?rest_route=\/wp\/v2\/users\/1"}],"replies":[{"embeddable":true,"href":"https:\/\/kallekamel.se\/index.php?rest_route=%2Fwp%2Fv2%2Fcomments&post=837"}],"version-history":[{"count":15,"href":"https:\/\/kallekamel.se\/index.php?rest_route=\/wp\/v2\/pages\/837\/revisions"}],"predecessor-version":[{"id":845,"href":"https:\/\/kallekamel.se\/index.php?rest_route=\/wp\/v2\/pages\/837\/revisions\/845"}],"up":[{"embeddable":true,"href":"https:\/\/kallekamel.se\/index.php?rest_route=\/wp\/v2\/pages\/29"}],"wp:attachment":[{"href":"https:\/\/kallekamel.se\/index.php?rest_route=%2Fwp%2Fv2%2Fmedia&parent=837"}],"curies":[{"name":"wp","href":"https:\/\/api.w.org\/{rel}","templated":true}]}}