{"id":71,"date":"2011-03-29T09:10:41","date_gmt":"2011-03-29T08:10:41","guid":{"rendered":"http:\/\/kallekamel.se\/?page_id=71"},"modified":"2016-03-12T11:51:08","modified_gmt":"2016-03-12T09:51:08","slug":"foretag","status":"publish","type":"page","link":"https:\/\/kallekamel.se\/?page_id=71","title":{"rendered":"Om oss"},"content":{"rendered":"<p>Kalle Kamel med familj erbjuder annorlunda upplevelser p\u00e5 en bergmansg\u00e5rd fr\u00e5n 1700-talet d\u00e4r s\u00e5v\u00e4l mang\u00e5rdsbyggnad som samtliga 10 uthus bevarats i ursprungligt skick.<\/p>\n<p>Vi heter Inger, Per-Ola och Pelle och du kan l\u00e4sa mer om oss i undermenyn &#8221;Om oss&#8221;.<\/p>\n<p>Ali Hassan jobbar p\u00e5 oss som kamelsk\u00f6tare och tr\u00e4nare.<\/p>\n<p>Om v\u00e5r g\u00e5rd kan du l\u00e4sa i menyn &#8221;G\u00e5rden&#8221;.<\/p>\n<p>Och vi bor i Gamla Viker, en lite by i bygden Viker som ligger mellan Nora och Karlskoga. L\u00e4s mer om detta p\u00e5 menyn &#8221;Gamla Viker&#8221;.<\/p>\n","protected":false},"excerpt":{"rendered":"<p>Kalle Kamel med familj erbjuder annorlunda upplevelser p\u00e5 en bergmansg\u00e5rd fr\u00e5n 1700-talet d\u00e4r s\u00e5v\u00e4l mang\u00e5rdsbyggnad som samtliga 10 uthus bevarats i ursprungligt skick. Vi heter Inger, Per-Ola och Pelle och du kan l\u00e4sa mer om oss i undermenyn &#8221;Om oss&#8221;. &hellip; <a href=\"https:\/\/kallekamel.se\/?page_id=71\">Forts\u00e4tt l\u00e4sa <span class=\"meta-nav\">&rarr;<\/span><\/a><\/p>\n","protected":false},"author":1,"featured_media":0,"parent":0,"menu_order":0,"comment_status":"closed","ping_status":"closed","template":"","meta":{"footnotes":""},"class_list":["post-71","page","type-page","status-publish","hentry"],"_links":{"self":[{"href":"https:\/\/kallekamel.se\/index.php?rest_route=\/wp\/v2\/pages\/71","targetHints":{"allow":["GET"]}}],"collection":[{"href":"https:\/\/kallekamel.se\/index.php?rest_route=\/wp\/v2\/pages"}],"about":[{"href":"https:\/\/kallekamel.se\/index.php?rest_route=\/wp\/v2\/types\/page"}],"author":[{"embeddable":true,"href":"https:\/\/kallekamel.se\/index.php?rest_route=\/wp\/v2\/users\/1"}],"replies":[{"embeddable":true,"href":"https:\/\/kallekamel.se\/index.php?rest_route=%2Fwp%2Fv2%2Fcomments&post=71"}],"version-history":[{"count":14,"href":"https:\/\/kallekamel.se\/index.php?rest_route=\/wp\/v2\/pages\/71\/revisions"}],"predecessor-version":[{"id":2529,"href":"https:\/\/kallekamel.se\/index.php?rest_route=\/wp\/v2\/pages\/71\/revisions\/2529"}],"wp:attachment":[{"href":"https:\/\/kallekamel.se\/index.php?rest_route=%2Fwp%2Fv2%2Fmedia&parent=71"}],"curies":[{"name":"wp","href":"https:\/\/api.w.org\/{rel}","templated":true}]}}