{"id":54,"date":"2011-03-26T11:47:56","date_gmt":"2011-03-26T10:47:56","guid":{"rendered":"http:\/\/kallekamel.se\/?page_id=54"},"modified":"2012-01-07T15:44:27","modified_gmt":"2012-01-07T13:44:27","slug":"bildgalleri","status":"publish","type":"page","link":"https:\/\/kallekamel.se\/?page_id=54","title":{"rendered":"Bildgalleri"},"content":{"rendered":"<p>Det finns ett bildgalleri om karavanserajen p\u00e5 google-picasa. Du kan anv\u00e4nda l\u00e4nken i menyn till h\u00f6ger helt ner eller titta p\u00e5 de olika album p\u00e5 denna sida.<br \/>\nDu kan spela igen bildgalleriet med att klicka p\u00e5 startpilen.<br \/>\nReuters bilder<br \/>\n<embed type=\"application\/x-shockwave-flash\" width=\"288\" height=\"192\" src=\"https:\/\/picasaweb.google.com\/s\/c\/bin\/slideshow.swf\" flashvars=\"host=picasaweb.google.com&amp;hl=sv&amp;feat=flashalbum&amp;RGB=0x000000&amp;feed=https%3A%2F%2Fpicasaweb.google.com%2Fdata%2Ffeed%2Fapi%2Fuser%2F117465660164239924284%2Falbumid%2F5588670215918055793%3Falt%3Drss%26kind%3Dphoto%26hl%3Dsv\" pluginspage=\"http:\/\/www.macromedia.com\/go\/getflashplayer\"><\/embed><br \/>\nPresentations bilder<br \/>\n<embed type=\"application\/x-shockwave-flash\" src=\"https:\/\/picasaweb.google.com\/s\/c\/bin\/slideshow.swf\" width=\"288\" height=\"192\" flashvars=\"host=picasaweb.google.com&#038;hl=sv&#038;feat=flashalbum&#038;RGB=0x000000&#038;feed=https%3A%2F%2Fpicasaweb.google.com%2Fdata%2Ffeed%2Fapi%2Fuser%2F117465660164239924284%2Falbumid%2F5588350804589707137%3Falt%3Drss%26kind%3Dphoto%26hl%3Dsv\" pluginspage=\"http:\/\/www.macromedia.com\/go\/getflashplayer\"><\/embed><br \/>\nBilder fr\u00e5n 19 mars 2011<br \/>\n<embed type=\"application\/x-shockwave-flash\" src=\"https:\/\/picasaweb.google.com\/s\/c\/bin\/slideshow.swf\" width=\"288\" height=\"192\" flashvars=\"host=picasaweb.google.com&#038;hl=sv&#038;feat=flashalbum&#038;RGB=0x000000&#038;feed=https%3A%2F%2Fpicasaweb.google.com%2Fdata%2Ffeed%2Fapi%2Fuser%2F117465660164239924284%2Falbumid%2F5587645141344904529%3Falt%3Drss%26kind%3Dphoto%26hl%3Dsv\" pluginspage=\"http:\/\/www.macromedia.com\/go\/getflashplayer\"><\/embed><br \/>\nBilder fr\u00e5n 2 april<br \/>\n<embed type=\"application\/x-shockwave-flash\" src=\"https:\/\/picasaweb.google.com\/s\/c\/bin\/slideshow.swf\" width=\"288\" height=\"192\" flashvars=\"host=picasaweb.google.com&#038;hl=sv&#038;feat=flashalbum&#038;RGB=0x000000&#038;feed=https%3A%2F%2Fpicasaweb.google.com%2Fdata%2Ffeed%2Fapi%2Fuser%2F117465660164239924284%2Falbumid%2F5591020706817580161%3Falt%3Drss%26kind%3Dphoto%26hl%3Dsv\" pluginspage=\"http:\/\/www.macromedia.com\/go\/getflashplayer\"><\/embed><br \/>\nBilder fr\u00e5n Kalle Kamels premi\u00e4rgrupp den 19 april 2011<br \/>\n<embed type=\"application\/x-shockwave-flash\" src=\"https:\/\/picasaweb.google.com\/s\/c\/bin\/slideshow.swf\" width=\"288\" height=\"192\" flashvars=\"host=picasaweb.google.com&#038;hl=sv&#038;feat=flashalbum&#038;RGB=0x000000&#038;feed=https%3A%2F%2Fpicasaweb.google.com%2Fdata%2Ffeed%2Fapi%2Fuser%2F117465660164239924284%2Falbumid%2F5597718186573873233%3Falt%3Drss%26kind%3Dphoto%26hl%3Dsv\" pluginspage=\"http:\/\/www.macromedia.com\/go\/getflashplayer\"><\/embed><\/p>\n","protected":false},"excerpt":{"rendered":"<p>Det finns ett bildgalleri om karavanserajen p\u00e5 google-picasa. Du kan anv\u00e4nda l\u00e4nken i menyn till h\u00f6ger helt ner eller titta p\u00e5 de olika album p\u00e5 denna sida. Du kan spela igen bildgalleriet med att klicka p\u00e5 startpilen. Reuters bilder Presentations &hellip; <a href=\"https:\/\/kallekamel.se\/?page_id=54\">Forts\u00e4tt l\u00e4sa <span class=\"meta-nav\">&rarr;<\/span><\/a><\/p>\n","protected":false},"author":1,"featured_media":0,"parent":71,"menu_order":6,"comment_status":"closed","ping_status":"closed","template":"","meta":{"footnotes":""},"class_list":["post-54","page","type-page","status-publish","hentry"],"_links":{"self":[{"href":"https:\/\/kallekamel.se\/index.php?rest_route=\/wp\/v2\/pages\/54","targetHints":{"allow":["GET"]}}],"collection":[{"href":"https:\/\/kallekamel.se\/index.php?rest_route=\/wp\/v2\/pages"}],"about":[{"href":"https:\/\/kallekamel.se\/index.php?rest_route=\/wp\/v2\/types\/page"}],"author":[{"embeddable":true,"href":"https:\/\/kallekamel.se\/index.php?rest_route=\/wp\/v2\/users\/1"}],"replies":[{"embeddable":true,"href":"https:\/\/kallekamel.se\/index.php?rest_route=%2Fwp%2Fv2%2Fcomments&post=54"}],"version-history":[{"count":24,"href":"https:\/\/kallekamel.se\/index.php?rest_route=\/wp\/v2\/pages\/54\/revisions"}],"predecessor-version":[{"id":1226,"href":"https:\/\/kallekamel.se\/index.php?rest_route=\/wp\/v2\/pages\/54\/revisions\/1226"}],"up":[{"embeddable":true,"href":"https:\/\/kallekamel.se\/index.php?rest_route=\/wp\/v2\/pages\/71"}],"wp:attachment":[{"href":"https:\/\/kallekamel.se\/index.php?rest_route=%2Fwp%2Fv2%2Fmedia&parent=54"}],"curies":[{"name":"wp","href":"https:\/\/api.w.org\/{rel}","templated":true}]}}