{"id":490,"date":"2011-04-28T12:11:11","date_gmt":"2011-04-28T10:11:11","guid":{"rendered":"http:\/\/kallekamel.se\/?page_id=490"},"modified":"2012-04-16T20:05:59","modified_gmt":"2012-04-16T18:05:59","slug":"kamelstationen","status":"publish","type":"page","link":"https:\/\/kallekamel.se\/?page_id=490","title":{"rendered":"Karavanseraj"},"content":{"rendered":"<p><a title=\"till wikipedia om karavanseraj\" href=\"http:\/\/sv.wikipedia.org\/wiki\/Karavanseraj\" target=\"_blank\">Karavansera<\/a>j var ett v\u00e4rdshus och h\u00e4rb\u00e4rge f\u00f6r karavaner l\u00e4ngs bland annat <a title=\"till wikipedia om sidenv\u00e4gen\" href=\"http:\/\/sv.wikipedia.org\/wiki\/Sidenv%C3%A4gen\" target=\"_blank\">Sidenv\u00e4gen<\/a>. Vanligen bestod en karavanseraj av en ringmur runt en \u00f6ppen plats med port stor nog att sl\u00e4ppa igenom kameler med tung packning.<br \/>\n<img loading=\"lazy\" decoding=\"async\" class=\"alignleft\" title=\"\u00f6versikt karavanserajen\" src=\"https:\/\/lh3.googleusercontent.com\/_GUEcMAWMXd4\/TatRK9w01RI\/AAAAAAAAAaI\/a5yz7Zi5Gic\/s288\/DSCN2558.JPG\" alt=\"\" width=\"288\" height=\"216\" \/><img loading=\"lazy\" decoding=\"async\" class=\"alignleft\" title=\"karavanserajen\" src=\"https:\/\/lh3.googleusercontent.com\/-75OEypR6Eq0\/T4m3d2xOo1I\/AAAAAAAABbQ\/Dk8Xp9bvrGo\/s288\/IMG_4533%2520kopiera.jpg\" alt=\"\" width=\"288\" height=\"216\" \/><\/p>\n<p>P\u00e5 v\u00e5r karavanseraj kan man m\u00f6ta kamelerna och t.ex. \u00e4ta frukost eller dricka kaffe tillsammans med Kalle Kamel och hans familj.<br \/>\n<img loading=\"lazy\" decoding=\"async\" class=\"alignleft\" title=\"karavanserajen med Per-Ola\" src=\"https:\/\/lh6.googleusercontent.com\/_GUEcMAWMXd4\/TZdMb6LTieI\/AAAAAAAAAN4\/cLEPfoWFukg\/s288\/086.JPG\" alt=\"\" width=\"288\" height=\"216\" \/><img loading=\"lazy\" decoding=\"async\" class=\"alignleft\" title=\"frukost med kamelerna\" src=\"https:\/\/lh4.googleusercontent.com\/_GUEcMAWMXd4\/TaskW76lQFI\/AAAAAAAAAWw\/1qriuGqld3s\/s288\/alla%20nya%20bilder%20405.JPG\" alt=\"\" width=\"288\" height=\"216\" \/><br \/>\nKalle, Anna och Karlsson gillar att tr\u00e4ffa m\u00e4nnniskor och springer direkt till karavanserajen om det \u00e4r n\u00e5gon d\u00e4r.<\/p>\n<p><img loading=\"lazy\" decoding=\"async\" class=\"aligncenter\" title=\"Alla vid karavanserajen\" src=\"https:\/\/lh6.googleusercontent.com\/_GUEcMAWMXd4\/TatQuozIiPI\/AAAAAAAAAZ0\/kW_3sWHO5jc\/s640\/DSCN2552.JPG\" alt=\"\" width=\"640\" height=\"480\" \/><br \/>\nH\u00e4r ser man hela familjen vid karavanserajen!<\/p>\n","protected":false},"excerpt":{"rendered":"<p>Karavanseraj var ett v\u00e4rdshus och h\u00e4rb\u00e4rge f\u00f6r karavaner l\u00e4ngs bland annat Sidenv\u00e4gen. Vanligen bestod en karavanseraj av en ringmur runt en \u00f6ppen plats med port stor nog att sl\u00e4ppa igenom kameler med tung packning. P\u00e5 v\u00e5r karavanseraj kan man m\u00f6ta &hellip; <a href=\"https:\/\/kallekamel.se\/?page_id=490\">Forts\u00e4tt l\u00e4sa <span class=\"meta-nav\">&rarr;<\/span><\/a><\/p>\n","protected":false},"author":1,"featured_media":0,"parent":29,"menu_order":7,"comment_status":"closed","ping_status":"closed","template":"","meta":{"footnotes":""},"class_list":["post-490","page","type-page","status-publish","hentry"],"_links":{"self":[{"href":"https:\/\/kallekamel.se\/index.php?rest_route=\/wp\/v2\/pages\/490","targetHints":{"allow":["GET"]}}],"collection":[{"href":"https:\/\/kallekamel.se\/index.php?rest_route=\/wp\/v2\/pages"}],"about":[{"href":"https:\/\/kallekamel.se\/index.php?rest_route=\/wp\/v2\/types\/page"}],"author":[{"embeddable":true,"href":"https:\/\/kallekamel.se\/index.php?rest_route=\/wp\/v2\/users\/1"}],"replies":[{"embeddable":true,"href":"https:\/\/kallekamel.se\/index.php?rest_route=%2Fwp%2Fv2%2Fcomments&post=490"}],"version-history":[{"count":45,"href":"https:\/\/kallekamel.se\/index.php?rest_route=\/wp\/v2\/pages\/490\/revisions"}],"predecessor-version":[{"id":1376,"href":"https:\/\/kallekamel.se\/index.php?rest_route=\/wp\/v2\/pages\/490\/revisions\/1376"}],"up":[{"embeddable":true,"href":"https:\/\/kallekamel.se\/index.php?rest_route=\/wp\/v2\/pages\/29"}],"wp:attachment":[{"href":"https:\/\/kallekamel.se\/index.php?rest_route=%2Fwp%2Fv2%2Fmedia&parent=490"}],"curies":[{"name":"wp","href":"https:\/\/api.w.org\/{rel}","templated":true}]}}