{"id":432,"date":"2011-04-18T19:29:29","date_gmt":"2011-04-18T18:29:29","guid":{"rendered":"http:\/\/kallekamel.se\/?page_id=432"},"modified":"2016-03-12T12:57:39","modified_gmt":"2016-03-12T10:57:39","slug":"om-kameler","status":"publish","type":"page","link":"https:\/\/kallekamel.se\/?page_id=432","title":{"rendered":"Allm\u00e4nt"},"content":{"rendered":"<p><a href=\"https:\/\/media.kallekamel.se\/2011\/04\/Kameler.jpg\"><img loading=\"lazy\" decoding=\"async\" class=\"aligncenter size-medium wp-image-581\" title=\"Kameler\" src=\"https:\/\/media.kallekamel.se\/2011\/04\/Kameler-300x200.jpg\" alt=\"Kalle, Anna o Karlsson\" width=\"300\" height=\"200\" srcset=\"https:\/\/media.kallekamel.se\/2011\/04\/Kameler-300x200.jpg 300w, https:\/\/media.kallekamel.se\/2011\/04\/Kameler.jpg 720w\" sizes=\"auto, (max-width: 300px) 100vw, 300px\" \/><\/a><em>H\u00e4r p\u00e5 bilden: Kalle, Anna och sonen Karlsson<\/em><br \/>\nDe f\u00f6rsta kameldjuren kom f\u00f6rv\u00e5nande nog fr\u00e5n Nordamerika.<br \/>\nV\u00e5ra kameler tillh\u00f6r sl\u00e4ktet baktriska kameler som ursprungligen kommer fr\u00e5n Sibirien, Norra Kina och Mongoliet. Det \u00e4r d\u00e4rf\u00f6r extremt k\u00f6ldt\u00e5liga och f\u00e5r en mycket tjock p\u00e4ls p\u00e5 vintern som de sedan tappar p\u00e5 v\u00e5ren.<br \/>\n<a href=\"https:\/\/lh6.googleusercontent.com\/-YrNBEfMGWcI\/TY3Qmx5tf6I\/AAAAAAAAAFc\/ewr-YOgaBOo\/s400\/3%2520kameler.jpg\" target=\"blank\"><img loading=\"lazy\" decoding=\"async\" class=\"aligncenter\" title=\"Kalle, Anna o Karlsson i sn\u00f6n\" src=\"https:\/\/lh6.googleusercontent.com\/-YrNBEfMGWcI\/TY3Qmx5tf6I\/AAAAAAAAAFc\/ewr-YOgaBOo\/s400\/3%2520kameler.jpg\" alt=\"\" width=\"400\" height=\"267\" \/><\/a><br \/>\nDe tv\u00e5puckliga kamelerna \u00e4r mycket ovanligare \u00e4n sina sl\u00e4ktingar de enpuckliga dromedarerna som bland annat finns i arabiska l\u00e4nder. Kamelerna \u00e4r mycket kloka och lugna djur som \u00e4lskar m\u00e4nniskor. Tack vare sitt filosofiska och behagliga s\u00e4tt har de en fantastiskt avstressande och lugnande effekt p\u00e5 m\u00e4nniskor.<\/p>\n<p><a href=\"https:\/\/media.kallekamel.se\/2011\/04\/bild1.jpg\"><img loading=\"lazy\" decoding=\"async\" class=\"aligncenter size-full wp-image-2136\" title=\"bild\" src=\"https:\/\/media.kallekamel.se\/2011\/04\/bild1.jpg\" alt=\"\" width=\"2246\" height=\"1733\" srcset=\"https:\/\/media.kallekamel.se\/2011\/04\/bild1.jpg 2246w, https:\/\/media.kallekamel.se\/2011\/04\/bild1-300x231.jpg 300w, https:\/\/media.kallekamel.se\/2011\/04\/bild1-1024x790.jpg 1024w\" sizes=\"auto, (max-width: 2246px) 100vw, 2246px\" \/><\/a><\/p>\n<p style=\"text-align: left;\">Kameler \u00e4r k\u00e4nda f\u00f6r sin h\u00e4rdighet och \u00e4r utm\u00e4rkta transportdjur f\u00f6r l\u00e4ngre f\u00e4rder genom sv\u00e5r terr\u00e4ng. De kan \u00e4ven \u00f6verleva l\u00e4nge utan vatten. Den allm\u00e4nt spridda uppfattningen att de lagrar vatten i sina pucklar \u00e4r en myt. Ist\u00e4llet \u00e4r en puckel en reserv av fettceller som kan ge extra energi p\u00e5 l\u00e5nga och tr\u00f6ttande resor. Deras vattenhush\u00e5llande f\u00f6rm\u00e5ga underl\u00e4ttas av flera fysiska anpassningar, s\u00e5som formen p\u00e5 deras r\u00f6da blodkroppar och deras f\u00f6rm\u00e5ga att absorbera svett och beh\u00e5lla v\u00e4tskan.<\/p>\n","protected":false},"excerpt":{"rendered":"<p>H\u00e4r p\u00e5 bilden: Kalle, Anna och sonen Karlsson De f\u00f6rsta kameldjuren kom f\u00f6rv\u00e5nande nog fr\u00e5n Nordamerika. V\u00e5ra kameler tillh\u00f6r sl\u00e4ktet baktriska kameler som ursprungligen kommer fr\u00e5n Sibirien, Norra Kina och Mongoliet. Det \u00e4r d\u00e4rf\u00f6r extremt k\u00f6ldt\u00e5liga och f\u00e5r en mycket &hellip; <a href=\"https:\/\/kallekamel.se\/?page_id=432\">Forts\u00e4tt l\u00e4sa <span class=\"meta-nav\">&rarr;<\/span><\/a><\/p>\n","protected":false},"author":1,"featured_media":0,"parent":29,"menu_order":0,"comment_status":"closed","ping_status":"closed","template":"","meta":{"footnotes":""},"class_list":["post-432","page","type-page","status-publish","hentry"],"_links":{"self":[{"href":"https:\/\/kallekamel.se\/index.php?rest_route=\/wp\/v2\/pages\/432","targetHints":{"allow":["GET"]}}],"collection":[{"href":"https:\/\/kallekamel.se\/index.php?rest_route=\/wp\/v2\/pages"}],"about":[{"href":"https:\/\/kallekamel.se\/index.php?rest_route=\/wp\/v2\/types\/page"}],"author":[{"embeddable":true,"href":"https:\/\/kallekamel.se\/index.php?rest_route=\/wp\/v2\/users\/1"}],"replies":[{"embeddable":true,"href":"https:\/\/kallekamel.se\/index.php?rest_route=%2Fwp%2Fv2%2Fcomments&post=432"}],"version-history":[{"count":22,"href":"https:\/\/kallekamel.se\/index.php?rest_route=\/wp\/v2\/pages\/432\/revisions"}],"predecessor-version":[{"id":2532,"href":"https:\/\/kallekamel.se\/index.php?rest_route=\/wp\/v2\/pages\/432\/revisions\/2532"}],"up":[{"embeddable":true,"href":"https:\/\/kallekamel.se\/index.php?rest_route=\/wp\/v2\/pages\/29"}],"wp:attachment":[{"href":"https:\/\/kallekamel.se\/index.php?rest_route=%2Fwp%2Fv2%2Fmedia&parent=432"}],"curies":[{"name":"wp","href":"https:\/\/api.w.org\/{rel}","templated":true}]}}