{"id":391,"date":"2011-04-17T18:28:32","date_gmt":"2011-04-17T17:28:32","guid":{"rendered":"http:\/\/kallekamel.se\/?page_id=391"},"modified":"2014-07-20T17:25:58","modified_gmt":"2014-07-20T15:25:58","slug":"tvarsnyttlandet-runt","status":"publish","type":"page","link":"https:\/\/kallekamel.se\/?page_id=391","title":{"rendered":"Tv\u00e4rsnytt\/Landet runt"},"content":{"rendered":"<p>Kalle kamel med familj visades p\u00e5 Tv\u00e4rsnytt 6 april 2011 och p\u00e5 Landet Runt den 10 april 2011.<br \/>\nVideon finns p\u00e5 YOUTUBE men copyright \u00e4gs av Tv\u00e4rsnytt, Landet runt, SVT<br \/>\n<a href=\"https:\/\/media.kallekamel.se\/2011\/04\/svt_tvarsnytt.jpg\"><img loading=\"lazy\" decoding=\"async\" class=\"aligncenter size-full wp-image-626\" title=\"svt_tvarsnytt\" src=\"https:\/\/media.kallekamel.se\/2011\/04\/svt_tvarsnytt.jpg\" alt=\"Logo tv\u00e4rsnytt\" width=\"132\" height=\"99\" \/><\/a><\/p>\n<p>&nbsp;<\/p>\n<p><iframe loading=\"lazy\" src=\"\/\/www.youtube.com\/embed\/LOMS4LG48g8?rel=0\" frameborder=\"0\" width=\"640\" height=\"480\"><\/iframe><\/p>\n","protected":false},"excerpt":{"rendered":"<p>Kalle kamel med familj visades p\u00e5 Tv\u00e4rsnytt 6 april 2011 och p\u00e5 Landet Runt den 10 april 2011. Videon finns p\u00e5 YOUTUBE men copyright \u00e4gs av Tv\u00e4rsnytt, Landet runt, SVT &nbsp;<\/p>\n","protected":false},"author":1,"featured_media":0,"parent":33,"menu_order":1,"comment_status":"closed","ping_status":"closed","template":"","meta":{"footnotes":""},"class_list":["post-391","page","type-page","status-publish","hentry"],"_links":{"self":[{"href":"https:\/\/kallekamel.se\/index.php?rest_route=\/wp\/v2\/pages\/391","targetHints":{"allow":["GET"]}}],"collection":[{"href":"https:\/\/kallekamel.se\/index.php?rest_route=\/wp\/v2\/pages"}],"about":[{"href":"https:\/\/kallekamel.se\/index.php?rest_route=\/wp\/v2\/types\/page"}],"author":[{"embeddable":true,"href":"https:\/\/kallekamel.se\/index.php?rest_route=\/wp\/v2\/users\/1"}],"replies":[{"embeddable":true,"href":"https:\/\/kallekamel.se\/index.php?rest_route=%2Fwp%2Fv2%2Fcomments&post=391"}],"version-history":[{"count":17,"href":"https:\/\/kallekamel.se\/index.php?rest_route=\/wp\/v2\/pages\/391\/revisions"}],"predecessor-version":[{"id":2146,"href":"https:\/\/kallekamel.se\/index.php?rest_route=\/wp\/v2\/pages\/391\/revisions\/2146"}],"up":[{"embeddable":true,"href":"https:\/\/kallekamel.se\/index.php?rest_route=\/wp\/v2\/pages\/33"}],"wp:attachment":[{"href":"https:\/\/kallekamel.se\/index.php?rest_route=%2Fwp%2Fv2%2Fmedia&parent=391"}],"curies":[{"name":"wp","href":"https:\/\/api.w.org\/{rel}","templated":true}]}}