{"id":383,"date":"2011-04-17T18:01:03","date_gmt":"2011-04-17T17:01:03","guid":{"rendered":"http:\/\/kallekamel.se\/?page_id=383"},"modified":"2013-04-07T19:23:52","modified_gmt":"2013-04-07T17:23:52","slug":"konferens","status":"publish","type":"page","link":"https:\/\/kallekamel.se\/?page_id=383","title":{"rendered":"Konferens"},"content":{"rendered":"<p><img loading=\"lazy\" decoding=\"async\" class=\"aligncenter\" title=\"Konferens rummet\" src=\"https:\/\/lh3.googleusercontent.com\/_GUEcMAWMXd4\/TasjLlypwZI\/AAAAAAAAAcw\/KQvsDLqRr7Y\/s400\/alla%20nya%20bilder%20305.JPG\" alt=\"\" width=\"400\" height=\"300\" \/>Konferera i en kulturhistorisk milj\u00f6 fr\u00e5n 1700-talet.<br \/>\nH\u00e4rifr\u00e5n har ni utsikt \u00f6ver sj\u00f6n Vikern och kamelhagen.<br \/>\nNi kan arbeta ost\u00f6rt och ni har hela huset f\u00f6r er sj\u00e4lva.<br \/>\nInternetanslutning finns. Det finns m\u00f6jligheter att \u00f6vernatta i samma hus eller i Kalle Kamels g\u00e4sthus.<br \/>\nKontakta oss f\u00f6r att veta mer!<\/p>\n<p style=\"text-align: center;\"><strong>\u00c4R DU EN BRA LEDARE?<\/strong><\/p>\n<p style=\"text-align: left;\">V\u00e5ra kameler \u00e4r, som en del m\u00e4nniskor, sn\u00e4lla och f\u00f6ljsamma mot alla. Men \u00e4r du en skicklig coach som \u00e5tnjuter andras respekt samtidigt som du inspirerar och entusiasmerar till riktigt bra prestationer?\u00a0Vi instruerar dig hur du praktiskt skall g\u00e5 till v\u00e4ga f\u00f6r att kamelerna t.ex. skall f\u00f6lja dig i grimma eller l\u00e4gga sig. Men sedan \u00e4r det upp till dig att visa att du \u00e4r \u00e4r en bra chef. Precis som n\u00e4r det g\u00e4ller m\u00e4nniskor, m\u00e5sta man hos en kamel ingjuta f\u00f6rtroende och respekt f\u00f6r att kunna leda p\u00e5 ett bra s\u00e4tt. F\u00f6r att uppsatta m\u00e5l ska n\u00e5s till fullo, m\u00e5ste du dessutom f\u00e5 kamelerna\/medarbetarna att k\u00e4nna arbetsgl\u00e4dje och entusiasm. Genom att samarbeta med kamelerna p\u00e5 ett konstruktivt s\u00e4tt f\u00e5r du chansen att visa vilken bra ledare du \u00e4r i alla sammanhang.<\/p>\n<p style=\"text-align: left;\"><a href=\"https:\/\/media.kallekamel.se\/2011\/04\/OB_5498.jpg\"><img loading=\"lazy\" decoding=\"async\" class=\"alignleft size-medium wp-image-1774\" title=\"Inger Haglund takes two of her Bactrian camels for a walk through the snowy countryside near the rural town of Gyttorp\" src=\"https:\/\/media.kallekamel.se\/2011\/04\/OB_5498-244x300.jpg\" alt=\"\" width=\"244\" height=\"300\" srcset=\"https:\/\/media.kallekamel.se\/2011\/04\/OB_5498-244x300.jpg 244w, https:\/\/media.kallekamel.se\/2011\/04\/OB_5498-834x1024.jpg 834w, https:\/\/media.kallekamel.se\/2011\/04\/OB_5498.jpg 1792w\" sizes=\"auto, (max-width: 244px) 100vw, 244px\" \/><\/a><a href=\"https:\/\/media.kallekamel.se\/2011\/04\/DSC02071.jpg\"><img loading=\"lazy\" decoding=\"async\" class=\"alignright size-medium wp-image-1773\" title=\"DSC02071\" src=\"https:\/\/media.kallekamel.se\/2011\/04\/DSC02071-300x225.jpg\" alt=\"\" width=\"300\" height=\"225\" srcset=\"https:\/\/media.kallekamel.se\/2011\/04\/DSC02071-300x225.jpg 300w, https:\/\/media.kallekamel.se\/2011\/04\/DSC02071-1024x768.jpg 1024w\" sizes=\"auto, (max-width: 300px) 100vw, 300px\" \/><\/a><\/p>\n","protected":false},"excerpt":{"rendered":"<p>Konferera i en kulturhistorisk milj\u00f6 fr\u00e5n 1700-talet. H\u00e4rifr\u00e5n har ni utsikt \u00f6ver sj\u00f6n Vikern och kamelhagen. Ni kan arbeta ost\u00f6rt och ni har hela huset f\u00f6r er sj\u00e4lva. Internetanslutning finns. Det finns m\u00f6jligheter att \u00f6vernatta i samma hus eller i &hellip; <a href=\"https:\/\/kallekamel.se\/?page_id=383\">Forts\u00e4tt l\u00e4sa <span class=\"meta-nav\">&rarr;<\/span><\/a><\/p>\n","protected":false},"author":4,"featured_media":0,"parent":110,"menu_order":5,"comment_status":"closed","ping_status":"closed","template":"","meta":{"footnotes":""},"class_list":["post-383","page","type-page","status-publish","hentry"],"_links":{"self":[{"href":"https:\/\/kallekamel.se\/index.php?rest_route=\/wp\/v2\/pages\/383","targetHints":{"allow":["GET"]}}],"collection":[{"href":"https:\/\/kallekamel.se\/index.php?rest_route=\/wp\/v2\/pages"}],"about":[{"href":"https:\/\/kallekamel.se\/index.php?rest_route=\/wp\/v2\/types\/page"}],"author":[{"embeddable":true,"href":"https:\/\/kallekamel.se\/index.php?rest_route=\/wp\/v2\/users\/4"}],"replies":[{"embeddable":true,"href":"https:\/\/kallekamel.se\/index.php?rest_route=%2Fwp%2Fv2%2Fcomments&post=383"}],"version-history":[{"count":20,"href":"https:\/\/kallekamel.se\/index.php?rest_route=\/wp\/v2\/pages\/383\/revisions"}],"predecessor-version":[{"id":1790,"href":"https:\/\/kallekamel.se\/index.php?rest_route=\/wp\/v2\/pages\/383\/revisions\/1790"}],"up":[{"embeddable":true,"href":"https:\/\/kallekamel.se\/index.php?rest_route=\/wp\/v2\/pages\/110"}],"wp:attachment":[{"href":"https:\/\/kallekamel.se\/index.php?rest_route=%2Fwp%2Fv2%2Fmedia&parent=383"}],"curies":[{"name":"wp","href":"https:\/\/api.w.org\/{rel}","templated":true}]}}