{"id":379,"date":"2011-04-17T17:52:17","date_gmt":"2011-04-17T16:52:17","guid":{"rendered":"http:\/\/kallekamel.se\/?page_id=379"},"modified":"2024-01-30T09:32:13","modified_gmt":"2024-01-30T07:32:13","slug":"gasthus","status":"publish","type":"page","link":"https:\/\/kallekamel.se\/?page_id=379","title":{"rendered":"B&#038;B"},"content":{"rendered":"<p>Kalle Kamels Bed &amp; Breakfast<br \/>\n<img loading=\"lazy\" decoding=\"async\" class=\"alignleft\" title=\"som du ser p\u00e5 bilderna g\u00e5r kamelerna utanf\u00f6r f\u00f6nstern\" src=\"https:\/\/lh3.googleusercontent.com\/_GUEcMAWMXd4\/Tasj_Wpmn3I\/AAAAAAAAAWg\/jyaEdoTTr0s\/s400\/alla%20nya%20bilder%20385.JPG\" alt=\"\" width=\"288\" height=\"216\" \/> <img loading=\"lazy\" decoding=\"async\" class=\"alignleft\" title=\"kamelerna framf\u00f6r f\u00f6nstern\" src=\"https:\/\/lh3.googleusercontent.com\/-0YIzzl4dx3g\/Tme8f4akmgI\/AAAAAAAAA08\/pxVUUdLVVQM\/s912\/DSC01693.JPG\" alt=\"\" width=\"288\" height=\"216\" \/><br \/>\n<span style=\"font-size: xx-small;\">(som du ser p\u00e5 bilderna g\u00e5r kamelerna utanf\u00f6r f\u00f6nstern)<\/span><br \/>\n\u00d6vernatta i Kalle Kamels g\u00e4sthus inrett i nostalgisk 50-talsstil.<br \/>\nP\u00e5 morgonen \u00e4ter du frukost i g\u00e5rdens huvudbyggnad fr\u00e5n 1760.<\/p>\n<p><a href=\"https:\/\/media.kallekamel.se\/2011\/04\/03012015-03012015-IMG_1569.jpg\"><img loading=\"lazy\" decoding=\"async\" class=\"aligncenter size-full wp-image-2266\" title=\"03012015-03012015-IMG_1569\" src=\"https:\/\/media.kallekamel.se\/2011\/04\/03012015-03012015-IMG_1569.jpg\" alt=\"\" width=\"6899\" height=\"2786\" srcset=\"https:\/\/media.kallekamel.se\/2011\/04\/03012015-03012015-IMG_1569.jpg 6899w, https:\/\/media.kallekamel.se\/2011\/04\/03012015-03012015-IMG_1569-300x121.jpg 300w, https:\/\/media.kallekamel.se\/2011\/04\/03012015-03012015-IMG_1569-1024x413.jpg 1024w\" sizes=\"auto, (max-width: 6899px) 100vw, 6899px\" \/><\/a><\/p>\n<p><a href=\"https:\/\/media.kallekamel.se\/2011\/04\/03012015-03012015-IMG_1572.jpg\"><img loading=\"lazy\" decoding=\"async\" class=\"aligncenter size-full wp-image-2267\" title=\"03012015-03012015-IMG_1572\" src=\"https:\/\/media.kallekamel.se\/2011\/04\/03012015-03012015-IMG_1572.jpg\" alt=\"\" width=\"5519\" height=\"2746\" srcset=\"https:\/\/media.kallekamel.se\/2011\/04\/03012015-03012015-IMG_1572.jpg 5519w, https:\/\/media.kallekamel.se\/2011\/04\/03012015-03012015-IMG_1572-300x149.jpg 300w, https:\/\/media.kallekamel.se\/2011\/04\/03012015-03012015-IMG_1572-1024x509.jpg 1024w\" sizes=\"auto, (max-width: 5519px) 100vw, 5519px\" \/><\/a><\/p>\n<p><a href=\"https:\/\/media.kallekamel.se\/2011\/04\/03012015-03012015-IMG_1573.jpg\"><img loading=\"lazy\" decoding=\"async\" class=\"aligncenter size-full wp-image-2268\" title=\"03012015-03012015-IMG_1573\" src=\"https:\/\/media.kallekamel.se\/2011\/04\/03012015-03012015-IMG_1573.jpg\" alt=\"\" width=\"7584\" height=\"3086\" srcset=\"https:\/\/media.kallekamel.se\/2011\/04\/03012015-03012015-IMG_1573.jpg 7584w, https:\/\/media.kallekamel.se\/2011\/04\/03012015-03012015-IMG_1573-300x122.jpg 300w, https:\/\/media.kallekamel.se\/2011\/04\/03012015-03012015-IMG_1573-1024x416.jpg 1024w\" sizes=\"auto, (max-width: 7584px) 100vw, 7584px\" \/><\/a><\/p>\n<p><a href=\"https:\/\/media.kallekamel.se\/2011\/04\/03012015-03012015-IMG_1585.jpg\"><img loading=\"lazy\" decoding=\"async\" class=\"aligncenter size-full wp-image-2269\" title=\"03012015-03012015-IMG_1585\" src=\"https:\/\/media.kallekamel.se\/2011\/04\/03012015-03012015-IMG_1585.jpg\" alt=\"\" width=\"4692\" height=\"3182\" srcset=\"https:\/\/media.kallekamel.se\/2011\/04\/03012015-03012015-IMG_1585.jpg 4692w, https:\/\/media.kallekamel.se\/2011\/04\/03012015-03012015-IMG_1585-300x203.jpg 300w, https:\/\/media.kallekamel.se\/2011\/04\/03012015-03012015-IMG_1585-1024x694.jpg 1024w\" sizes=\"auto, (max-width: 4692px) 100vw, 4692px\" \/><\/a><\/p>\n<p><a href=\"https:\/\/media.kallekamel.se\/2011\/04\/03012015-03012015-IMG_2672.jpg\"><img loading=\"lazy\" decoding=\"async\" class=\"aligncenter size-full wp-image-2270\" title=\"03012015-03012015-IMG_2672\" src=\"https:\/\/media.kallekamel.se\/2011\/04\/03012015-03012015-IMG_2672.jpg\" alt=\"\" width=\"4723\" height=\"3063\" srcset=\"https:\/\/media.kallekamel.se\/2011\/04\/03012015-03012015-IMG_2672.jpg 4723w, https:\/\/media.kallekamel.se\/2011\/04\/03012015-03012015-IMG_2672-300x194.jpg 300w, https:\/\/media.kallekamel.se\/2011\/04\/03012015-03012015-IMG_2672-1024x664.jpg 1024w\" sizes=\"auto, (max-width: 4723px) 100vw, 4723px\" \/><\/a><\/p>\n<p><a href=\"https:\/\/media.kallekamel.se\/2011\/04\/15062014-FullSizeRender11.jpg\"><img loading=\"lazy\" decoding=\"async\" class=\"aligncenter size-full wp-image-2360\" title=\"15062014-FullSizeRender1\" src=\"https:\/\/media.kallekamel.se\/2011\/04\/15062014-FullSizeRender11.jpg\" alt=\"\" width=\"2937\" height=\"2007\" srcset=\"https:\/\/media.kallekamel.se\/2011\/04\/15062014-FullSizeRender11.jpg 2937w, https:\/\/media.kallekamel.se\/2011\/04\/15062014-FullSizeRender11-300x205.jpg 300w, https:\/\/media.kallekamel.se\/2011\/04\/15062014-FullSizeRender11-1024x699.jpg 1024w\" sizes=\"auto, (max-width: 2937px) 100vw, 2937px\" \/><\/a><\/p>\n<p><a href=\"https:\/\/media.kallekamel.se\/2011\/04\/03012015-03012015-IMG_2716.jpg\"><img loading=\"lazy\" decoding=\"async\" class=\"aligncenter size-full wp-image-2273\" title=\"03012015-03012015-IMG_2716\" src=\"https:\/\/media.kallekamel.se\/2011\/04\/03012015-03012015-IMG_2716.jpg\" alt=\"\" width=\"5472\" height=\"3648\" srcset=\"https:\/\/media.kallekamel.se\/2011\/04\/03012015-03012015-IMG_2716.jpg 5472w, https:\/\/media.kallekamel.se\/2011\/04\/03012015-03012015-IMG_2716-300x200.jpg 300w, https:\/\/media.kallekamel.se\/2011\/04\/03012015-03012015-IMG_2716-1024x682.jpg 1024w\" sizes=\"auto, (max-width: 5472px) 100vw, 5472px\" \/><\/a><\/p>\n<p>Huset ligger avskilt fr\u00e5n \u00f6vriga g\u00e5rden och har egen tr\u00e4dg\u00e5rd. Oavsett hur m\u00e5nga ni \u00e4r har ni hela huset med 4 rum och k\u00f6k f\u00f6r er sj\u00e4lva. 200 meter till brygga\/badplats och tillg\u00e5ng till roddb\u00e5t och grill.<\/p>\n<p>P\u00e5 sommaren kan man \u00e4ta eller dricka n\u00e5got p\u00e5 v\u00e5r bryggb\u00e5t samt njuta av utsikten \u00f6ver sj\u00f6n Vikern.<\/p>\n<p><a href=\"https:\/\/media.kallekamel.se\/2011\/04\/16082014-IMG_05811.jpg\"><img loading=\"lazy\" decoding=\"async\" class=\"aligncenter size-full wp-image-2284\" title=\"16082014-IMG_0581\" src=\"https:\/\/media.kallekamel.se\/2011\/04\/16082014-IMG_05811.jpg\" alt=\"\" width=\"3648\" height=\"2736\" srcset=\"https:\/\/media.kallekamel.se\/2011\/04\/16082014-IMG_05811.jpg 3648w, https:\/\/media.kallekamel.se\/2011\/04\/16082014-IMG_05811-300x225.jpg 300w, https:\/\/media.kallekamel.se\/2011\/04\/16082014-IMG_05811-1024x768.jpg 1024w\" sizes=\"auto, (max-width: 3648px) 100vw, 3648px\" \/><\/a><\/p>\n<p>Husdjur \u00e4r v\u00e4lkomna.<\/p>\n<p>Incheckning kl. 15.<\/p>\n<p>Utcheckning kl. 12.<\/p>\n<p>Pris 445 kr\/person.<\/p>\n<p>Om du \u00e4r ensam har du hela huset f\u00f6r dig sj\u00e4lv 595 kr<\/p>\n<p>Det g\u00e5r \u00e4ven att hyra hela huset veckovis f\u00f6r 4000kr\/vecka. (utan frukost)<\/p>\n<p><img loading=\"lazy\" decoding=\"async\" class=\"aligncenter\" src=\"https:\/\/lh4.googleusercontent.com\/-PdUCECxZ7cw\/UDEnf8L3S0I\/AAAAAAAABiY\/xBRMtkBX47c\/s640\/DSC02326.JPG\" alt=\"\" width=\"640\" height=\"480\" \/><\/p>\n","protected":false},"excerpt":{"rendered":"<p>Kalle Kamels Bed &amp; Breakfast (som du ser p\u00e5 bilderna g\u00e5r kamelerna utanf\u00f6r f\u00f6nstern) \u00d6vernatta i Kalle Kamels g\u00e4sthus inrett i nostalgisk 50-talsstil. P\u00e5 morgonen \u00e4ter du frukost i g\u00e5rdens huvudbyggnad fr\u00e5n 1760. Huset ligger avskilt fr\u00e5n \u00f6vriga g\u00e5rden och &hellip; <a href=\"https:\/\/kallekamel.se\/?page_id=379\">Forts\u00e4tt l\u00e4sa <span class=\"meta-nav\">&rarr;<\/span><\/a><\/p>\n","protected":false},"author":4,"featured_media":0,"parent":0,"menu_order":4,"comment_status":"closed","ping_status":"closed","template":"","meta":{"footnotes":""},"class_list":["post-379","page","type-page","status-publish","hentry"],"_links":{"self":[{"href":"https:\/\/kallekamel.se\/index.php?rest_route=\/wp\/v2\/pages\/379","targetHints":{"allow":["GET"]}}],"collection":[{"href":"https:\/\/kallekamel.se\/index.php?rest_route=\/wp\/v2\/pages"}],"about":[{"href":"https:\/\/kallekamel.se\/index.php?rest_route=\/wp\/v2\/types\/page"}],"author":[{"embeddable":true,"href":"https:\/\/kallekamel.se\/index.php?rest_route=\/wp\/v2\/users\/4"}],"replies":[{"embeddable":true,"href":"https:\/\/kallekamel.se\/index.php?rest_route=%2Fwp%2Fv2%2Fcomments&post=379"}],"version-history":[{"count":53,"href":"https:\/\/kallekamel.se\/index.php?rest_route=\/wp\/v2\/pages\/379\/revisions"}],"predecessor-version":[{"id":3436,"href":"https:\/\/kallekamel.se\/index.php?rest_route=\/wp\/v2\/pages\/379\/revisions\/3436"}],"wp:attachment":[{"href":"https:\/\/kallekamel.se\/index.php?rest_route=%2Fwp%2Fv2%2Fmedia&parent=379"}],"curies":[{"name":"wp","href":"https:\/\/api.w.org\/{rel}","templated":true}]}}