{"id":37,"date":"2011-03-26T11:02:25","date_gmt":"2011-03-26T10:02:25","guid":{"rendered":"http:\/\/kallekamel.se\/?page_id=37"},"modified":"2011-09-07T11:41:25","modified_gmt":"2011-09-07T09:41:25","slug":"eductus","status":"publish","type":"page","link":"https:\/\/kallekamel.se\/?page_id=37","title":{"rendered":"Reklam"},"content":{"rendered":"<p><img loading=\"lazy\" decoding=\"async\" class=\"alignleft\" title=\"eductus\" src=\"https:\/\/lh5.googleusercontent.com\/_GUEcMAWMXd4\/TY23tvrZzhI\/AAAAAAAAAE0\/DhvOVqm9wgo\/s640\/reklamali.jpg\" alt=\"\" width=\"268\" height=\"640\" \/><strong> Reklam om Kalle Kamel med familj.<\/strong><br \/>\nEductus anv\u00e4nde en bild p\u00e5 v\u00e5r Kalle och ber\u00e4ttade om v\u00e5r verksamhet i sin reklamkampanj p\u00e5 bussar, sp\u00e5rvagnar, tunnelbanna, pendelt\u00e5g och reklampelare i Stockholm, G\u00f6teborg och Malm\u00f6. Samt i Dagens Industri, Metro, Aftonbladet, Expressen och GT.<\/p>\n<p>Titta p\u00e5 deras hemsida p\u00e5 artikeln om oss, klicka<a title=\"Kamelsk\u00f6tare fick jobb i Sverige\" href=\"http:\/\/www.eductus.se\/NyiSverige\/IntervjuF\u00f6retagetKalleKamelmedfamiljexpande.aspx\" target=\"_blank\"> H\u00c4R<\/a>.<\/p>\n<p>Eductus skrev ocks\u00e5 en artikel om kursen &#8221;yrkessvenska f\u00f6r kameltr\u00e4nare&#8221; de utvecklade f\u00f6r Ali. Det \u00e4r Eva Noble p\u00e5 Eductus i \u00d6rebro som \u00e4r den svenska l\u00e4rare som ansvarar f\u00f6r Yrkessvenska f\u00f6r kamelsk\u00f6tare.<\/p>\n<p>L\u00e4s mer om henne p\u00e5 mynewsdesk, klicka <a title=\"Till mynewsdesk om Eva\" href=\"http:\/\/www.mynewsdesk.com\/se\/pressroom\/eductus\/pressrelease\/view\/vaar-kameltraenare-ali-syns-vaerlden-oever-611786\" target=\"_blank\">H\u00c4R<\/a>.<\/p>\n<p>&nbsp;<\/p>\n","protected":false},"excerpt":{"rendered":"<p>Reklam om Kalle Kamel med familj. Eductus anv\u00e4nde en bild p\u00e5 v\u00e5r Kalle och ber\u00e4ttade om v\u00e5r verksamhet i sin reklamkampanj p\u00e5 bussar, sp\u00e5rvagnar, tunnelbanna, pendelt\u00e5g och reklampelare i Stockholm, G\u00f6teborg och Malm\u00f6. Samt i Dagens Industri, Metro, Aftonbladet, Expressen &hellip; <a href=\"https:\/\/kallekamel.se\/?page_id=37\">Forts\u00e4tt l\u00e4sa <span class=\"meta-nav\">&rarr;<\/span><\/a><\/p>\n","protected":false},"author":1,"featured_media":0,"parent":350,"menu_order":3,"comment_status":"closed","ping_status":"closed","template":"","meta":{"footnotes":""},"class_list":["post-37","page","type-page","status-publish","hentry"],"_links":{"self":[{"href":"https:\/\/kallekamel.se\/index.php?rest_route=\/wp\/v2\/pages\/37","targetHints":{"allow":["GET"]}}],"collection":[{"href":"https:\/\/kallekamel.se\/index.php?rest_route=\/wp\/v2\/pages"}],"about":[{"href":"https:\/\/kallekamel.se\/index.php?rest_route=\/wp\/v2\/types\/page"}],"author":[{"embeddable":true,"href":"https:\/\/kallekamel.se\/index.php?rest_route=\/wp\/v2\/users\/1"}],"replies":[{"embeddable":true,"href":"https:\/\/kallekamel.se\/index.php?rest_route=%2Fwp%2Fv2%2Fcomments&post=37"}],"version-history":[{"count":21,"href":"https:\/\/kallekamel.se\/index.php?rest_route=\/wp\/v2\/pages\/37\/revisions"}],"predecessor-version":[{"id":824,"href":"https:\/\/kallekamel.se\/index.php?rest_route=\/wp\/v2\/pages\/37\/revisions\/824"}],"up":[{"embeddable":true,"href":"https:\/\/kallekamel.se\/index.php?rest_route=\/wp\/v2\/pages\/350"}],"wp:attachment":[{"href":"https:\/\/kallekamel.se\/index.php?rest_route=%2Fwp%2Fv2%2Fmedia&parent=37"}],"curies":[{"name":"wp","href":"https:\/\/api.w.org\/{rel}","templated":true}]}}