{"id":357,"date":"2011-04-15T16:48:41","date_gmt":"2011-04-15T15:48:41","guid":{"rendered":"http:\/\/kallekamel.se\/?page_id=357"},"modified":"2011-07-15T10:21:15","modified_gmt":"2011-07-15T08:21:15","slug":"inscannade-artiklar","status":"publish","type":"page","link":"https:\/\/kallekamel.se\/?page_id=357","title":{"rendered":"Inskannade artiklar"},"content":{"rendered":"<p>N\u00e5gra artiklar finns bara p\u00e5 papper. De fotas och kan du l\u00e4ser h\u00e4r.<br \/>\nKlicka p\u00e5 bilden f\u00f6r att \u00f6ppna s\u00e5 att du kan \u00e4ndra storleken(helt upp till h\u00f6ger).<br \/>\nArtikeln i NA 15 juli 2011<br \/>\n<a href=\"https:\/\/picasaweb.google.com\/lh\/photo\/HIdlltv3LCW-gdZGo43pBA?feat=directlink\" target=\"_blank\" ><img loading=\"lazy\" decoding=\"async\" alt=\"\" src=\"https:\/\/lh4.googleusercontent.com\/-tIOOugiHTq8\/Th_uvzwpP-I\/AAAAAAAAAyY\/4p3xLMaAktY\/s144\/ullbaggepris.jpg\" title=\"Artikel i Na 15 juli2011\" class=\"alignnone\" width=\"104\" height=\"144\"\/><\/a><br \/>\nI Land nummer 07-11<br \/>\n<a href=\"https:\/\/picasaweb.google.com\/lh\/photo\/eKNkVs347exahGXN_S8tGg?feat=directlink\" target=\"_blank\" ><img loading=\"lazy\" decoding=\"async\" class=\"alignnone\" title=\"i land 07\/11\" src=\"https:\/\/lh3.googleusercontent.com\/-TMd7_cTisC4\/Tahldim0ioI\/AAAAAAAAAVY\/yp0FmaKGxxU\/s144\/land07-11.png\" alt=\"\" width=\"113\" height=\"144\" \/><\/a><br \/>\nAftonbladet 10 mars 2011<br \/>\n<a href=\"https:\/\/picasaweb.google.com\/lh\/photo\/ATlNGdblyx2vTWxK_Up5Rw?feat=directlink\" target=\"_blank\" ><img loading=\"lazy\" decoding=\"async\" class=\"alignnone\" title=\"Aftonbladet 10 mars 2011\" src=\"https:\/\/lh3.googleusercontent.com\/-W-sLSLHzfM4\/TahldNuegII\/AAAAAAAAAVQ\/HTkA79ezzyA\/s144\/aftonbladet.png\" alt=\"\" width=\"94\" height=\"144\" \/><\/a><br \/>\nEller l\u00e4s i Aftonbladet fr\u00e5n samma dag rubriken &#8221;ett ogonblick&#8221; om Ali<br \/>\n<a href=\"https:\/\/picasaweb.google.com\/lh\/photo\/kx0B9RxAWVPymvOgdfBZ9w?feat=directlink\" target=\"_blank\" ><img loading=\"lazy\" decoding=\"async\" class=\"alignnone\" title=\"Aftonbladet 10 mars 2011\" src=\"https:\/\/lh4.googleusercontent.com\/-gPhxCRJef6E\/TahldjrFOnI\/AAAAAAAAAVU\/DpZ5kkcglLE\/s144\/aftonbladet2.png\" alt=\"\" width=\"66\" height=\"144\" \/><\/a><br \/>\nNA 29 januari 2011, sidan 1:<br \/>\n<a href=\"https:\/\/picasaweb.google.com\/lh\/photo\/garXvWEkb90GLXXv96Fn0Q?feat=directlink\" target=\"_blank\" ><img loading=\"lazy\" decoding=\"async\" class=\"alignnone\" title=\"NA 29 januari 2011, sidan 1\" src=\"https:\/\/lh6.googleusercontent.com\/-Pu9zq-r0uBo\/TfCKl8OSMkI\/AAAAAAAAAu0\/sG70uuTZD-E\/s144\/Sidan%25252001%252520NA%25252029%252520jan.jpg\" alt=\"\" width=\"104\" height=\"144\" \/><\/a><br \/>\nSidor 4 o 5:<br \/>\n<a href=\"https:\/\/picasaweb.google.com\/lh\/photo\/kEub8TzWTxiZ61Q-_TIknQ?feat=directlink\" target=\"_blank\" ><img loading=\"lazy\" decoding=\"async\" class=\"alignnone\" title=\"NA 29 januari sidor 4 o 5\" src=\"https:\/\/lh5.googleusercontent.com\/-wnSk5nIT0XE\/TfCKl6sRDGI\/AAAAAAAAAu4\/zniN7QiLCRQ\/s144\/Sidan%2525204%252520och%2525205%252520NA%25252029%252520jan.jpg\" alt=\"\" width=\"144\" height=\"106\" \/><\/a><br \/>\nKarlskoga Kuriren 25 januari 2011, sidan 1:<br \/>\n<a href=\"https:\/\/picasaweb.google.com\/lh\/photo\/gPIIO2bN4kqo1B-BBvZJtA?feat=directlink\" target=\"_blank\" ><img loading=\"lazy\" decoding=\"async\" class=\"alignnone\" title=\"Karlskoga Kuriren 25 januari 2011 sidan 1\" src=\"https:\/\/lh4.googleusercontent.com\/-qyYw846g4Ps\/TfCKlzRc2kI\/AAAAAAAAAuw\/B_Z81umIusk\/s144\/Sidan%25252001%252520Kuriren%25252025%252520januari.jpg\" alt=\"\" width=\"102\" height=\"144\" \/><\/a><br \/>\nSidor 8 o 9 samma dag:<br \/>\n<a href=\"https:\/\/picasaweb.google.com\/lh\/photo\/UGZJf6bHC-rpKy5zXIP9XQ?feat=directlink\" target=\"_blank\" ><img loading=\"lazy\" decoding=\"async\" class=\"alignnone\" title=\"Karlskoga Kuriren 25 januari sidor 8 o 9\" src=\"https:\/\/lh3.googleusercontent.com\/-gYiV7sLlj_g\/TfCKm2_nn3I\/AAAAAAAAAvE\/yqg3J_t_XK0\/s144\/Sidan%25252008-09%252520Kuriren%25252025%252520januari.jpg\" alt=\"\" width=\"144\" height=\"103\" \/><\/a><br \/>\nArtikeln i NA 10 juni 2010<br \/>\n<a href=\"https:\/\/picasaweb.google.com\/lh\/photo\/Cdx3pqawdSdiW4LJMQ8Hqg?feat=directlink\" target=\"_blank\" ><img loading=\"lazy\" decoding=\"async\" class=\"alignnone\" title=\"Artikeln NA 10 juni 2010 \" src=\"https:\/\/lh4.googleusercontent.com\/-4xX8Q7jiuaU\/TfCKm2OEuyI\/AAAAAAAAAu8\/D2IJHxee8ig\/s144\/Sidan%25252013%252520NA%25252010%252520juni%252520-10.jpg\" alt=\"\" width=\"107\" height=\"144\" \/><\/a><\/p>\n","protected":false},"excerpt":{"rendered":"<p>N\u00e5gra artiklar finns bara p\u00e5 papper. De fotas och kan du l\u00e4ser h\u00e4r. Klicka p\u00e5 bilden f\u00f6r att \u00f6ppna s\u00e5 att du kan \u00e4ndra storleken(helt upp till h\u00f6ger). Artikeln i NA 15 juli 2011 I Land nummer 07-11 Aftonbladet 10 &hellip; <a href=\"https:\/\/kallekamel.se\/?page_id=357\">Forts\u00e4tt l\u00e4sa <span class=\"meta-nav\">&rarr;<\/span><\/a><\/p>\n","protected":false},"author":1,"featured_media":0,"parent":350,"menu_order":2,"comment_status":"closed","ping_status":"closed","template":"","meta":{"footnotes":""},"class_list":["post-357","page","type-page","status-publish","hentry"],"_links":{"self":[{"href":"https:\/\/kallekamel.se\/index.php?rest_route=\/wp\/v2\/pages\/357","targetHints":{"allow":["GET"]}}],"collection":[{"href":"https:\/\/kallekamel.se\/index.php?rest_route=\/wp\/v2\/pages"}],"about":[{"href":"https:\/\/kallekamel.se\/index.php?rest_route=\/wp\/v2\/types\/page"}],"author":[{"embeddable":true,"href":"https:\/\/kallekamel.se\/index.php?rest_route=\/wp\/v2\/users\/1"}],"replies":[{"embeddable":true,"href":"https:\/\/kallekamel.se\/index.php?rest_route=%2Fwp%2Fv2%2Fcomments&post=357"}],"version-history":[{"count":40,"href":"https:\/\/kallekamel.se\/index.php?rest_route=\/wp\/v2\/pages\/357\/revisions"}],"predecessor-version":[{"id":749,"href":"https:\/\/kallekamel.se\/index.php?rest_route=\/wp\/v2\/pages\/357\/revisions\/749"}],"up":[{"embeddable":true,"href":"https:\/\/kallekamel.se\/index.php?rest_route=\/wp\/v2\/pages\/350"}],"wp:attachment":[{"href":"https:\/\/kallekamel.se\/index.php?rest_route=%2Fwp%2Fv2%2Fmedia&parent=357"}],"curies":[{"name":"wp","href":"https:\/\/api.w.org\/{rel}","templated":true}]}}