{"id":33,"date":"2011-03-26T10:57:50","date_gmt":"2011-03-26T09:57:50","guid":{"rendered":"http:\/\/kallekamel.se\/?page_id=33"},"modified":"2011-11-01T18:58:29","modified_gmt":"2011-11-01T16:58:29","slug":"media","status":"publish","type":"page","link":"https:\/\/kallekamel.se\/?page_id=33","title":{"rendered":"TV-Radio"},"content":{"rendered":"<p>H\u00e4r publiceras alla l\u00e4nkar till program p\u00e5 TV och Radio om kameltr\u00e4nare Kamelerna Kalle och familj. Klicka de olika undermenyer (st\u00e4ll muspekaren p\u00e5 menyraden).<\/p>\n","protected":false},"excerpt":{"rendered":"<p>H\u00e4r publiceras alla l\u00e4nkar till program p\u00e5 TV och Radio om kameltr\u00e4nare Kamelerna Kalle och familj. Klicka de olika undermenyer (st\u00e4ll muspekaren p\u00e5 menyraden).<\/p>\n","protected":false},"author":1,"featured_media":0,"parent":0,"menu_order":4,"comment_status":"closed","ping_status":"closed","template":"","meta":{"footnotes":""},"class_list":["post-33","page","type-page","status-publish","hentry"],"_links":{"self":[{"href":"https:\/\/kallekamel.se\/index.php?rest_route=\/wp\/v2\/pages\/33","targetHints":{"allow":["GET"]}}],"collection":[{"href":"https:\/\/kallekamel.se\/index.php?rest_route=\/wp\/v2\/pages"}],"about":[{"href":"https:\/\/kallekamel.se\/index.php?rest_route=\/wp\/v2\/types\/page"}],"author":[{"embeddable":true,"href":"https:\/\/kallekamel.se\/index.php?rest_route=\/wp\/v2\/users\/1"}],"replies":[{"embeddable":true,"href":"https:\/\/kallekamel.se\/index.php?rest_route=%2Fwp%2Fv2%2Fcomments&post=33"}],"version-history":[{"count":10,"href":"https:\/\/kallekamel.se\/index.php?rest_route=\/wp\/v2\/pages\/33\/revisions"}],"predecessor-version":[{"id":1068,"href":"https:\/\/kallekamel.se\/index.php?rest_route=\/wp\/v2\/pages\/33\/revisions\/1068"}],"wp:attachment":[{"href":"https:\/\/kallekamel.se\/index.php?rest_route=%2Fwp%2Fv2%2Fmedia&parent=33"}],"curies":[{"name":"wp","href":"https:\/\/api.w.org\/{rel}","templated":true}]}}