{"id":320,"date":"2011-04-06T18:38:59","date_gmt":"2011-04-06T16:38:59","guid":{"rendered":"http:\/\/kallekamel.se\/?page_id=320"},"modified":"2012-04-16T20:13:35","modified_gmt":"2012-04-16T18:13:35","slug":"test","status":"publish","type":"page","link":"https:\/\/kallekamel.se\/?page_id=320","title":{"rendered":"P4 Extra 31 januari 2011"},"content":{"rendered":"<p><strong>P4 extra med Lotta Brom\u00e8 den 31 januari 2011 <\/strong><\/p>\n<p><object id=\"srembeddedplayer\" classid=\"clsid:d27cdb6e-ae6d-11cf-96b8-444553540000\" width=\"475\" height=\"218\" codebase=\"http:\/\/download.macromedia.com\/pub\/shockwave\/cabs\/flash\/swflash.cab#version=10,0,0,0\" align=\"middle\"><param name=\"allowFullScreen\" value=\"false\" \/><param name=\"movie\" value=\"http:\/\/sverigesradio.se\/api\/flash\/player_embed.swf?8\" \/><param name=\"quality\" value=\"high\" \/><param name=\"flashvars\" value=\"playlist=http%3a%2f%2fsverigesradio.se%2fapi%2fradio%2fradio.aspx%3ftype%3ddb%26id%3d2878286%26codingformat%3d.m4a%26metafile%3dasx%26preview%3ddb\" \/><embed type=\"application\/x-shockwave-flash\" width=\"475\" height=\"218\" src=\"http:\/\/sverigesradio.se\/api\/flash\/player_embed.swf?8\" flashvars=\"playlist=http%3a%2f%2fsverigesradio.se%2fapi%2fradio%2fradio.aspx%3ftype%3ddb%26id%3d2878286%26codingformat%3d.m4a%26metafile%3dasx%26preview%3ddb\" pluginspage=\"http:\/\/www.adobe.com\/go\/getflashplayer_se\" allowfullscreen=\"false\" name=\"srembeddedplayer\" quality=\"high\" align=\"middle\"><\/embed><\/object><\/p>\n<p><strong>Och det s\u00e4ndes ocks\u00e5 p\u00e5 Radio P4 Stockholm 22 mars 2011<\/strong><\/p>\n","protected":false},"excerpt":{"rendered":"<p>P4 extra med Lotta Brom\u00e8 den 31 januari 2011 Och det s\u00e4ndes ocks\u00e5 p\u00e5 Radio P4 Stockholm 22 mars 2011<\/p>\n","protected":false},"author":1,"featured_media":0,"parent":33,"menu_order":6,"comment_status":"closed","ping_status":"closed","template":"","meta":{"footnotes":""},"class_list":["post-320","page","type-page","status-publish","hentry"],"_links":{"self":[{"href":"https:\/\/kallekamel.se\/index.php?rest_route=\/wp\/v2\/pages\/320","targetHints":{"allow":["GET"]}}],"collection":[{"href":"https:\/\/kallekamel.se\/index.php?rest_route=\/wp\/v2\/pages"}],"about":[{"href":"https:\/\/kallekamel.se\/index.php?rest_route=\/wp\/v2\/types\/page"}],"author":[{"embeddable":true,"href":"https:\/\/kallekamel.se\/index.php?rest_route=\/wp\/v2\/users\/1"}],"replies":[{"embeddable":true,"href":"https:\/\/kallekamel.se\/index.php?rest_route=%2Fwp%2Fv2%2Fcomments&post=320"}],"version-history":[{"count":10,"href":"https:\/\/kallekamel.se\/index.php?rest_route=\/wp\/v2\/pages\/320\/revisions"}],"predecessor-version":[{"id":1381,"href":"https:\/\/kallekamel.se\/index.php?rest_route=\/wp\/v2\/pages\/320\/revisions\/1381"}],"up":[{"embeddable":true,"href":"https:\/\/kallekamel.se\/index.php?rest_route=\/wp\/v2\/pages\/33"}],"wp:attachment":[{"href":"https:\/\/kallekamel.se\/index.php?rest_route=%2Fwp%2Fv2%2Fmedia&parent=320"}],"curies":[{"name":"wp","href":"https:\/\/api.w.org\/{rel}","templated":true}]}}