{"id":29,"date":"2011-03-26T10:42:04","date_gmt":"2011-03-26T09:42:04","guid":{"rendered":"http:\/\/kallekamel.se\/?page_id=29"},"modified":"2011-11-01T16:44:53","modified_gmt":"2011-11-01T14:44:53","slug":"kamelerna","status":"publish","type":"page","link":"https:\/\/kallekamel.se\/?page_id=29","title":{"rendered":"Kamelerna"},"content":{"rendered":"<p>L\u00e4s i denna del mer allm\u00e4nt om kameler och om de kamelerna Kalle, Anna och sonen Karlsson.<br \/>\nKlicka p\u00e5 de olika submenyer.<\/p>\n<p><a href=\"https:\/\/media.kallekamel.se\/2011\/03\/kamelersel.jpg\"><img loading=\"lazy\" decoding=\"async\" class=\"aligncenter size-full wp-image-645\" title=\"kamelersel\" src=\"https:\/\/media.kallekamel.se\/2011\/03\/kamelersel.jpg\" alt=\"\" width=\"628\" height=\"478\" srcset=\"https:\/\/media.kallekamel.se\/2011\/03\/kamelersel.jpg 628w, https:\/\/media.kallekamel.se\/2011\/03\/kamelersel-300x228.jpg 300w\" sizes=\"auto, (max-width: 628px) 100vw, 628px\" \/><\/a><\/p>\n<p>Kalle, Anna och Karlsson, foto: Rolf Gr\u00f6nroos<\/p>\n","protected":false},"excerpt":{"rendered":"<p>L\u00e4s i denna del mer allm\u00e4nt om kameler och om de kamelerna Kalle, Anna och sonen Karlsson. Klicka p\u00e5 de olika submenyer. Kalle, Anna och Karlsson, foto: Rolf Gr\u00f6nroos<\/p>\n","protected":false},"author":1,"featured_media":0,"parent":0,"menu_order":1,"comment_status":"closed","ping_status":"closed","template":"","meta":{"footnotes":""},"class_list":["post-29","page","type-page","status-publish","hentry"],"_links":{"self":[{"href":"https:\/\/kallekamel.se\/index.php?rest_route=\/wp\/v2\/pages\/29","targetHints":{"allow":["GET"]}}],"collection":[{"href":"https:\/\/kallekamel.se\/index.php?rest_route=\/wp\/v2\/pages"}],"about":[{"href":"https:\/\/kallekamel.se\/index.php?rest_route=\/wp\/v2\/types\/page"}],"author":[{"embeddable":true,"href":"https:\/\/kallekamel.se\/index.php?rest_route=\/wp\/v2\/users\/1"}],"replies":[{"embeddable":true,"href":"https:\/\/kallekamel.se\/index.php?rest_route=%2Fwp%2Fv2%2Fcomments&post=29"}],"version-history":[{"count":28,"href":"https:\/\/kallekamel.se\/index.php?rest_route=\/wp\/v2\/pages\/29\/revisions"}],"predecessor-version":[{"id":32,"href":"https:\/\/kallekamel.se\/index.php?rest_route=\/wp\/v2\/pages\/29\/revisions\/32"}],"wp:attachment":[{"href":"https:\/\/kallekamel.se\/index.php?rest_route=%2Fwp%2Fv2%2Fmedia&parent=29"}],"curies":[{"name":"wp","href":"https:\/\/api.w.org\/{rel}","templated":true}]}}