{"id":258,"date":"2011-04-04T14:19:16","date_gmt":"2011-04-04T12:19:16","guid":{"rendered":"http:\/\/kallekamel.se\/?page_id=258"},"modified":"2012-04-16T20:12:51","modified_gmt":"2012-04-16T18:12:51","slug":"tv4-nyheter","status":"publish","type":"page","link":"https:\/\/kallekamel.se\/?page_id=258","title":{"rendered":"TV4 Nyheter"},"content":{"rendered":"<p>H\u00e4r finns 2 l\u00e4nkar till TVplay\u00a0\u00a0(\u00f6ppnas i ett nytt f\u00f6nster).<\/p>\n<p>Titta p\u00e5 TV4 Nyheterna \u00d6rebro sommar reportage 2010, klicka <a title=\"Till TV4 sommarreportage 2010\" href=\"http:\/\/youtu.be\/vyXCxU9sFNs\" target=\"_blank\">H\u00c4R<\/a>.<\/p>\n<p>Titta p\u00e5\u00a0TV4 Nyheterna \u00d6rebro vinterreportage 2010, klicka <a title=\"Till TV4 vinterreportage\" href=\"http:\/\/www.youtube.com\/watch?v=_kREdu_XJ_g&amp;feature=youtu.be\" target=\"_blank\">H\u00c4R<\/a>.<\/p>\n<p>&nbsp;<\/p>\n","protected":false},"excerpt":{"rendered":"<p>H\u00e4r finns 2 l\u00e4nkar till TVplay\u00a0\u00a0(\u00f6ppnas i ett nytt f\u00f6nster). Titta p\u00e5 TV4 Nyheterna \u00d6rebro sommar reportage 2010, klicka H\u00c4R. Titta p\u00e5\u00a0TV4 Nyheterna \u00d6rebro vinterreportage 2010, klicka H\u00c4R. &nbsp;<\/p>\n","protected":false},"author":1,"featured_media":0,"parent":33,"menu_order":3,"comment_status":"closed","ping_status":"closed","template":"","meta":{"footnotes":""},"class_list":["post-258","page","type-page","status-publish","hentry"],"_links":{"self":[{"href":"https:\/\/kallekamel.se\/index.php?rest_route=\/wp\/v2\/pages\/258","targetHints":{"allow":["GET"]}}],"collection":[{"href":"https:\/\/kallekamel.se\/index.php?rest_route=\/wp\/v2\/pages"}],"about":[{"href":"https:\/\/kallekamel.se\/index.php?rest_route=\/wp\/v2\/types\/page"}],"author":[{"embeddable":true,"href":"https:\/\/kallekamel.se\/index.php?rest_route=\/wp\/v2\/users\/1"}],"replies":[{"embeddable":true,"href":"https:\/\/kallekamel.se\/index.php?rest_route=%2Fwp%2Fv2%2Fcomments&post=258"}],"version-history":[{"count":10,"href":"https:\/\/kallekamel.se\/index.php?rest_route=\/wp\/v2\/pages\/258\/revisions"}],"predecessor-version":[{"id":1379,"href":"https:\/\/kallekamel.se\/index.php?rest_route=\/wp\/v2\/pages\/258\/revisions\/1379"}],"up":[{"embeddable":true,"href":"https:\/\/kallekamel.se\/index.php?rest_route=\/wp\/v2\/pages\/33"}],"wp:attachment":[{"href":"https:\/\/kallekamel.se\/index.php?rest_route=%2Fwp%2Fv2%2Fmedia&parent=258"}],"curies":[{"name":"wp","href":"https:\/\/api.w.org\/{rel}","templated":true}]}}