{"id":253,"date":"2011-04-03T14:16:21","date_gmt":"2011-04-03T12:16:21","guid":{"rendered":"http:\/\/kallekamel.se\/?page_id=253"},"modified":"2013-07-15T15:15:13","modified_gmt":"2013-07-15T13:15:13","slug":"reuters","status":"publish","type":"page","link":"https:\/\/kallekamel.se\/?page_id=253","title":{"rendered":"Reuters"},"content":{"rendered":"<p><a href=\"https:\/\/media.kallekamel.se\/2011\/04\/reuters.jpg\"><img loading=\"lazy\" decoding=\"async\" class=\"aligncenter size-full wp-image-279\" title=\"reuters\" src=\"https:\/\/media.kallekamel.se\/2011\/04\/reuters.jpg\" alt=\"reuters logo\" width=\"250\" height=\"144\" \/><\/a><br \/>\nH\u00e4r \u00e4r en l\u00e4nk till Reuters reportage<\/p>\n<p><a title=\"H\u00c4R\" href=\"http:\/\/www.reuters.com\/video\/2011\/03\/09\/a-somali-herder-for-swedish-camels?videoId=193851373\" target=\"_blank\">http:\/\/www.reuters.com\/video\/2011\/03\/09\/a-somali-herder-for-swedish-camels?videoId=193851373<\/a><\/p>\n","protected":false},"excerpt":{"rendered":"<p>H\u00e4r \u00e4r en l\u00e4nk till Reuters reportage http:\/\/www.reuters.com\/video\/2011\/03\/09\/a-somali-herder-for-swedish-camels?videoId=193851373<\/p>\n","protected":false},"author":1,"featured_media":0,"parent":33,"menu_order":4,"comment_status":"closed","ping_status":"closed","template":"","meta":{"footnotes":""},"class_list":["post-253","page","type-page","status-publish","hentry"],"_links":{"self":[{"href":"https:\/\/kallekamel.se\/index.php?rest_route=\/wp\/v2\/pages\/253","targetHints":{"allow":["GET"]}}],"collection":[{"href":"https:\/\/kallekamel.se\/index.php?rest_route=\/wp\/v2\/pages"}],"about":[{"href":"https:\/\/kallekamel.se\/index.php?rest_route=\/wp\/v2\/types\/page"}],"author":[{"embeddable":true,"href":"https:\/\/kallekamel.se\/index.php?rest_route=\/wp\/v2\/users\/1"}],"replies":[{"embeddable":true,"href":"https:\/\/kallekamel.se\/index.php?rest_route=%2Fwp%2Fv2%2Fcomments&post=253"}],"version-history":[{"count":13,"href":"https:\/\/kallekamel.se\/index.php?rest_route=\/wp\/v2\/pages\/253\/revisions"}],"predecessor-version":[{"id":277,"href":"https:\/\/kallekamel.se\/index.php?rest_route=\/wp\/v2\/pages\/253\/revisions\/277"}],"up":[{"embeddable":true,"href":"https:\/\/kallekamel.se\/index.php?rest_route=\/wp\/v2\/pages\/33"}],"wp:attachment":[{"href":"https:\/\/kallekamel.se\/index.php?rest_route=%2Fwp%2Fv2%2Fmedia&parent=253"}],"curies":[{"name":"wp","href":"https:\/\/api.w.org\/{rel}","templated":true}]}}