{"id":2177,"date":"2014-08-07T23:02:20","date_gmt":"2014-08-07T21:02:20","guid":{"rendered":"http:\/\/kallekamel.se\/?page_id=2177"},"modified":"2014-08-07T23:02:40","modified_gmt":"2014-08-07T21:02:40","slug":"p4-orebro","status":"publish","type":"page","link":"https:\/\/kallekamel.se\/?page_id=2177","title":{"rendered":"P4 \u00d6rebro 2014"},"content":{"rendered":"<p><iframe loading=\"lazy\" src=\"http:\/\/sverigesradio.se\/embed?url=http%3A%2F%2Fsverigesradio.se%2Fsida%2Fartikel.aspx%3Fprogramid%3D159%26artikel%3D5921837\" frameborder=\"0\" width=\"100%\" height=\"150\"><\/iframe><\/p>\n<p>Tryck <a href=\"http:\/\/sverigesradio.se\/sida\/artikel.aspx?programid=159&amp;artikel=5921837\" target=\"_blank\">h\u00e4r<\/a> f\u00f6r att l\u00e4sa resten av reportaget och se videon.<\/p>\n<p><a title=\"h\u00e4r\" href=\"http:\/\/sverigesradio.se\/sida\/artikel.aspx?programid=159&amp;artikel=5921837http:\/\/\" target=\"_blank\"><br \/>\n<\/a><\/p>\n<p>&nbsp;<\/p>\n","protected":false},"excerpt":{"rendered":"<p>Tryck h\u00e4r f\u00f6r att l\u00e4sa resten av reportaget och se videon. &nbsp;<\/p>\n","protected":false},"author":5,"featured_media":0,"parent":33,"menu_order":9,"comment_status":"closed","ping_status":"closed","template":"","meta":{"footnotes":""},"class_list":["post-2177","page","type-page","status-publish","hentry"],"_links":{"self":[{"href":"https:\/\/kallekamel.se\/index.php?rest_route=\/wp\/v2\/pages\/2177","targetHints":{"allow":["GET"]}}],"collection":[{"href":"https:\/\/kallekamel.se\/index.php?rest_route=\/wp\/v2\/pages"}],"about":[{"href":"https:\/\/kallekamel.se\/index.php?rest_route=\/wp\/v2\/types\/page"}],"author":[{"embeddable":true,"href":"https:\/\/kallekamel.se\/index.php?rest_route=\/wp\/v2\/users\/5"}],"replies":[{"embeddable":true,"href":"https:\/\/kallekamel.se\/index.php?rest_route=%2Fwp%2Fv2%2Fcomments&post=2177"}],"version-history":[{"count":4,"href":"https:\/\/kallekamel.se\/index.php?rest_route=\/wp\/v2\/pages\/2177\/revisions"}],"predecessor-version":[{"id":2181,"href":"https:\/\/kallekamel.se\/index.php?rest_route=\/wp\/v2\/pages\/2177\/revisions\/2181"}],"up":[{"embeddable":true,"href":"https:\/\/kallekamel.se\/index.php?rest_route=\/wp\/v2\/pages\/33"}],"wp:attachment":[{"href":"https:\/\/kallekamel.se\/index.php?rest_route=%2Fwp%2Fv2%2Fmedia&parent=2177"}],"curies":[{"name":"wp","href":"https:\/\/api.w.org\/{rel}","templated":true}]}}