{"id":163,"date":"2011-03-31T18:42:24","date_gmt":"2011-03-31T17:42:24","guid":{"rendered":"http:\/\/kallekamel.se\/?page_id=163"},"modified":"2011-07-13T10:29:50","modified_gmt":"2011-07-13T08:29:50","slug":"internationellt","status":"publish","type":"page","link":"https:\/\/kallekamel.se\/?page_id=163","title":{"rendered":"Internationellt"},"content":{"rendered":"<p>Det finns artiklar om Kalle Kamel med familj\u00a0i hela v\u00e4rlden! L\u00e4s h\u00e4r ner!<\/p>\n<p>F\u00f6r att l\u00e4sa i Somalia online (p\u00e5 engelska), klicka <a title=\"Till Somalia online\" href=\"http:\/\/www.somaliaonline.com\/community\/showthread.php\/53581-Can-t-Escape-the-Camels!\" target=\"_blank\">H\u00c4R<\/a><\/p>\n<p>Eller i Salem Massachusetts USA, Radio Network News, klicka <a title=\"Till SRN\" href=\"http:\/\/srnnews.townhall.com\/photos\/view\/media__culture\/1003\/somali_camel_herder_hassan_takes_three_bactrian_camels_for_a_ride_through_the_snowy_countryside_near_the_rural_town_of_gyttorp\/40cb393f-5287-4130-8163-3e39d854c436\/\" target=\"_blank\">H\u00c4R<\/a><\/p>\n<p>Eller i Somalia Media, klicka <a title=\"Till Xogta news\" href=\"http:\/\/www.xogta.com\/2011\/03\/14\/somali-camel-herder-helps-out-swedish-town\/\" target=\"_blank\">H\u00c4R<\/a><\/p>\n<p>Eller i 3 news Nya Zeeland, klicka <a title=\"Till New Zeelands news\" href=\"http:\/\/www.3news.co.nz\/Somali-camel-herder-helps-out-Swedish-town\/tabid\/1160\/articleID\/201792\/Default.aspx\" target=\"_blank\">H\u00c4R<\/a><\/p>\n<p>Eller i Global Breaking News, klicka <a title=\"Till orlando news\" href=\"http:\/\/www.breakingustrends.com\/far-from-home-a-somali-camel-herder-finds-a-new-calling\/\" target=\"_blank\">H\u00c4R<\/a><\/p>\n<p>Eller i India Times Indien, klicka <a title=\"Till India Times\" href=\"http:\/\/1click.indiatimes.com\/article\/0gWBbcp38Qa34?q=Somalia\" target=\"_blank\">H\u00c4R<\/a>.<\/p>\n<p>Eller i Los Angeles Times\u00a0USA, klicka <a title=\"Till South Florida Sentinel\" href=\"http:\/\/latimesblogs.latimes.com\/washington\/2011\/04\/sweden-camels-ali-abdullah-hassan.html\" target=\"_blank\">H\u00c4R<\/a>.<\/p>\n<p>Eller i Taipei Times, Taiwan, klicka <a title=\"Till Taipei Times\" href=\"http:\/\/www.taipeitimes.com\/News\/world\/photo\/2011\/03\/10\/2008055617\" target=\"_blank\">H\u00c4R<\/a>.<\/p>\n<p>Eller i China Drive fr\u00e5n Kina, klicka <a title=\"Till China Drive\" href=\"http:\/\/big5.cri.cn\/gate\/big5\/english.cri.cn\/4926\/2011\/03\/04\/2041s624148.htm\" target=\"_blank\">H\u00c4R<\/a>.<\/p>\n<p>Eller i\u00a0Felbert Life Journal fr\u00e5n Ryssland, klicka<a title=\"Till Felbert livejournal\" href=\"http:\/\/felbert.livejournal.com\/1113891.html\" target=\"_blank\"> H\u00c4R<\/a><\/p>\n<p>Eller i bigpicture fr\u00e5n Ryssland, klicka <a title=\"Till bigpicture\" href=\"http:\/\/bigpicture.ru\/?p=129304\" target=\"_blank\">H\u00c4R<\/a>.<\/p>\n<p>Eller i Sky News Storbritanien, klicka <a title=\"Till bigpicture\" href=\"http:\/\/constituency.sky.com\/photo\/040l511b26eDo\" target=\"_blank\">H\u00c4R<\/a>.<\/p>\n","protected":false},"excerpt":{"rendered":"<p>Det finns artiklar om Kalle Kamel med familj\u00a0i hela v\u00e4rlden! L\u00e4s h\u00e4r ner! F\u00f6r att l\u00e4sa i Somalia online (p\u00e5 engelska), klicka H\u00c4R Eller i Salem Massachusetts USA, Radio Network News, klicka H\u00c4R Eller i Somalia Media, klicka H\u00c4R Eller &hellip; <a href=\"https:\/\/kallekamel.se\/?page_id=163\">Forts\u00e4tt l\u00e4sa <span class=\"meta-nav\">&rarr;<\/span><\/a><\/p>\n","protected":false},"author":1,"featured_media":0,"parent":350,"menu_order":4,"comment_status":"closed","ping_status":"closed","template":"","meta":{"footnotes":""},"class_list":["post-163","page","type-page","status-publish","hentry"],"_links":{"self":[{"href":"https:\/\/kallekamel.se\/index.php?rest_route=\/wp\/v2\/pages\/163","targetHints":{"allow":["GET"]}}],"collection":[{"href":"https:\/\/kallekamel.se\/index.php?rest_route=\/wp\/v2\/pages"}],"about":[{"href":"https:\/\/kallekamel.se\/index.php?rest_route=\/wp\/v2\/types\/page"}],"author":[{"embeddable":true,"href":"https:\/\/kallekamel.se\/index.php?rest_route=\/wp\/v2\/users\/1"}],"replies":[{"embeddable":true,"href":"https:\/\/kallekamel.se\/index.php?rest_route=%2Fwp%2Fv2%2Fcomments&post=163"}],"version-history":[{"count":18,"href":"https:\/\/kallekamel.se\/index.php?rest_route=\/wp\/v2\/pages\/163\/revisions"}],"predecessor-version":[{"id":165,"href":"https:\/\/kallekamel.se\/index.php?rest_route=\/wp\/v2\/pages\/163\/revisions\/165"}],"up":[{"embeddable":true,"href":"https:\/\/kallekamel.se\/index.php?rest_route=\/wp\/v2\/pages\/350"}],"wp:attachment":[{"href":"https:\/\/kallekamel.se\/index.php?rest_route=%2Fwp%2Fv2%2Fmedia&parent=163"}],"curies":[{"name":"wp","href":"https:\/\/api.w.org\/{rel}","templated":true}]}}