{"id":157,"date":"2011-03-30T11:52:41","date_gmt":"2011-03-30T10:52:41","guid":{"rendered":"http:\/\/kallekamel.se\/?page_id=157"},"modified":"2012-09-08T13:53:34","modified_gmt":"2012-09-08T11:53:34","slug":"hitta-oss","status":"publish","type":"page","link":"https:\/\/kallekamel.se\/?page_id=157","title":{"rendered":"Hitta oss"},"content":{"rendered":"<p><iframe loading=\"lazy\" src=\"http:\/\/maps.google.se\/maps?f=q&amp;source=s_q&amp;hl=sv&amp;geocode=&amp;q=kallekamel,+gyttorp&amp;aq=&amp;sll=59.487983,14.9263&amp;sspn=0.148165,0.528374&amp;vpsrc=0&amp;ie=UTF8&amp;hq=kallekamel,&amp;hnear=Gyttorp,+Nora,+%C3%96rebro+L%C3%A4n&amp;t=m&amp;z=13&amp;iwloc=A&amp;cid=8954963059910589535&amp;ll=59.472576,14.865623&amp;output=embed\" frameborder=\"0\" marginwidth=\"0\" marginheight=\"0\" scrolling=\"no\" width=\"425\" height=\"350\"><\/iframe><br \/>\n<small><a style=\"color: #0000ff; text-align: left;\" href=\"http:\/\/maps.google.se\/maps?f=q&amp;source=embed&amp;hl=sv&amp;geocode=&amp;q=kallekamel,+gyttorp&amp;aq=&amp;sll=59.487983,14.9263&amp;sspn=0.148165,0.528374&amp;vpsrc=0&amp;ie=UTF8&amp;hq=kallekamel,&amp;hnear=Gyttorp,+Nora,+%C3%96rebro+L%C3%A4n&amp;t=m&amp;z=13&amp;iwloc=A&amp;cid=8954963059910589535&amp;ll=59.472576,14.865623\" target=\"blank\">Visa st\u00f6rre karta (\u00f6ppnas i ett nytt f\u00f6nster)<\/a><\/small><\/p>\n<p><strong>V\u00e4gbeskrivning:<\/strong><br \/>\nKoordinater:<br \/>\nN 59\u00b0 28\u2032 21\u2033, E 14\u00b0 51\u2032 56\u2033, adress: Gamla Viker 211, 713 92 Gyttorp<\/p>\n<p><strong>\u00d6rebro:<\/strong> Ta v\u00e4g 50 mot G\u00e4vle,<br \/>\nFalun, Sv\u00e4ng h\u00f6ger till v\u00e4g 244 H\u00e4llefors, Nora. \u00c5k 11,7 km, i Gyttorp<br \/>\nsv\u00e4ng v\u00e4nster v\u00e4g 243 till Karlskoga, \u00e5k 10,2 km, cirka 3 km efter ha passerat Vikers kyrka, \u00e5k \u00f6ver j\u00e4rnv\u00e4gen, sv\u00e4ng h\u00f6ger d\u00e4r det st\u00e5r Nor p\u00e5 skylten. \u00c5k ca en km.<\/p>\n<p><strong>Karlskoga<\/strong>: Ta v\u00e4gen mot Nora (v\u00e4g 243), k\u00f6r omkring 21 km,<br \/>\nstrax innan en j\u00e4rnv\u00e4g sv\u00e4ng v\u00e4nster vid skylten Nor, \u00e5k ca 1 km<\/p>\n","protected":false},"excerpt":{"rendered":"<p>Visa st\u00f6rre karta (\u00f6ppnas i ett nytt f\u00f6nster) V\u00e4gbeskrivning: Koordinater: N 59\u00b0 28\u2032 21\u2033, E 14\u00b0 51\u2032 56\u2033, adress: Gamla Viker 211, 713 92 Gyttorp \u00d6rebro: Ta v\u00e4g 50 mot G\u00e4vle, Falun, Sv\u00e4ng h\u00f6ger till v\u00e4g 244 H\u00e4llefors, Nora. \u00c5k &hellip; <a href=\"https:\/\/kallekamel.se\/?page_id=157\">Forts\u00e4tt l\u00e4sa <span class=\"meta-nav\">&rarr;<\/span><\/a><\/p>\n","protected":false},"author":1,"featured_media":0,"parent":12,"menu_order":1,"comment_status":"closed","ping_status":"closed","template":"","meta":{"footnotes":""},"class_list":["post-157","page","type-page","status-publish","hentry"],"_links":{"self":[{"href":"https:\/\/kallekamel.se\/index.php?rest_route=\/wp\/v2\/pages\/157","targetHints":{"allow":["GET"]}}],"collection":[{"href":"https:\/\/kallekamel.se\/index.php?rest_route=\/wp\/v2\/pages"}],"about":[{"href":"https:\/\/kallekamel.se\/index.php?rest_route=\/wp\/v2\/types\/page"}],"author":[{"embeddable":true,"href":"https:\/\/kallekamel.se\/index.php?rest_route=\/wp\/v2\/users\/1"}],"replies":[{"embeddable":true,"href":"https:\/\/kallekamel.se\/index.php?rest_route=%2Fwp%2Fv2%2Fcomments&post=157"}],"version-history":[{"count":18,"href":"https:\/\/kallekamel.se\/index.php?rest_route=\/wp\/v2\/pages\/157\/revisions"}],"predecessor-version":[{"id":375,"href":"https:\/\/kallekamel.se\/index.php?rest_route=\/wp\/v2\/pages\/157\/revisions\/375"}],"up":[{"embeddable":true,"href":"https:\/\/kallekamel.se\/index.php?rest_route=\/wp\/v2\/pages\/12"}],"wp:attachment":[{"href":"https:\/\/kallekamel.se\/index.php?rest_route=%2Fwp%2Fv2%2Fmedia&parent=157"}],"curies":[{"name":"wp","href":"https:\/\/api.w.org\/{rel}","templated":true}]}}