{"id":136,"date":"2011-03-29T17:05:38","date_gmt":"2011-03-29T15:05:38","guid":{"rendered":"http:\/\/kallekamel.se\/?page_id=136"},"modified":"2013-07-19T16:49:56","modified_gmt":"2013-07-19T14:49:56","slug":"vad-mer","status":"publish","type":"page","link":"https:\/\/kallekamel.se\/?page_id=136","title":{"rendered":"Vad mer?"},"content":{"rendered":"<h2><em>Vad du \u00f6nskar!<\/em><\/h2>\n<p>Som du kan l\u00e4sa i menyn f\u00f6retag finns det flera byggnader p\u00e5 tomten med otaliga m\u00f6jligheter.<br \/>\nL\u00e5t oss ber\u00e4tta om vilka m\u00f6jligheter som finns och skapa en of\u00f6rgl\u00f6mlig upplevelse f\u00f6r alla.<br \/>\nOm du har egna \u00f6nskem\u00e5l eller id\u00e9er \u00e4r du v\u00e4lkommen att diskutera det med oss. Vi tar g\u00e4rna fram f\u00f6rslag eller anpassar oss efter dina \u00f6nskem\u00e5l.<\/p>\n<table border=\"0\">\n<tbody>\n<tr>\n<td><img loading=\"lazy\" decoding=\"async\" class=\"alignleft\" title=\"bagarstugan\" src=\"https:\/\/lh4.googleusercontent.com\/-REH5bY2M78Q\/TY3SUw8TejI\/AAAAAAAAAG4\/gEeGC_pa9lI\/s288\/DSC02835.JPG\" alt=\"\" width=\"288\" height=\"216\" \/><\/td>\n<td><img loading=\"lazy\" decoding=\"async\" class=\"alignleft\" title=\"b\u00e5t p\u00e5 sj\u00f6n Vikern\" src=\"https:\/\/lh3.googleusercontent.com\/-Lx6fc-cLdfo\/TY3SD9iCOqI\/AAAAAAAAAGg\/tNT_zu25n-A\/s288\/DSC02817.JPG\" alt=\"\" width=\"288\" height=\"216\" \/><\/td>\n<\/tr>\n<\/tbody>\n<\/table>\n<p>N\u00e5gra id\u00e9er:<\/p>\n<ul>\n<li>Rysk-centralasiatisk festm\u00e5ltid i salen eller bagarstugan.<\/li>\n<li>Kontemplativ drink i vink\u00e4llaren med sakral gregoriansk s\u00e5ng.<\/li>\n<li>F\u00f6rdrink p\u00e5 bryggb\u00e5ten under tiden man sakta glider fram med tyst elmotor p\u00e5 sj\u00f6n Vikern.<\/li>\n<li>Underh\u00e5llning med levande svensk folkmusik p\u00e5 nyckelharpa.<\/li>\n<li>Fiske, bad, sightseeing eller dans p\u00e5 l\u00f6vad bryggb\u00e5t.<\/li>\n<li>Baka somaliskt tunnbr\u00f6d i bagarstugans vedeldade stenugn.<\/li>\n<li>Packning och lastning av kamelerna (en kamel kan b\u00e4ra upp till 400 kg) p\u00e5 samma s\u00e4tt som beduiner gjort sedan urminnes tider. Karavan till sj\u00f6n eller skogen d\u00e4r vi tillreder en m\u00e5ltid \u00f6ver \u00f6ppen eld.<\/li>\n<li>Ridtur d\u00e4r du, efter v\u00e5ra instruktioner, sj\u00e4lv \u201dstyr\u201d kamelen fr\u00e5n din bekv\u00e4ma plats mellan pucklarna.<\/li>\n<li>F\u00f6redrag om karavanernas historia.<\/li>\n<\/ul>\n<table border=\"0\">\n<tbody>\n<tr>\n<td><img loading=\"lazy\" decoding=\"async\" class=\"alignleft\" title=\"bakning i bagarstugan\" src=\"https:\/\/lh6.googleusercontent.com\/-L3Nk7-md6gY\/ToDGuKdR4CI\/AAAAAAAAA4o\/LeneK4KGRI4\/s288\/DSC01807.JPG\" alt=\"\" width=\"288\" height=\"216\" \/><\/td>\n<td><img loading=\"lazy\" decoding=\"async\" class=\"alignleft\" title=\"bakstugan\" src=\"https:\/\/lh3.googleusercontent.com\/-LDsSAUwcPnA\/ToDHIuZIHZI\/AAAAAAAAA44\/w6Ps9E-PQ0o\/s288\/DSC01811.JPG\" alt=\"\" width=\"288\" height=\"216\" \/><\/td>\n<\/tr>\n<\/tbody>\n<\/table>\n<p>H\u00e4r ovan visas n\u00e5gra bilder fr\u00e5n tunnbr\u00f6dbakning i bagarstugan.<\/p>\n","protected":false},"excerpt":{"rendered":"<p>Vad du \u00f6nskar! Som du kan l\u00e4sa i menyn f\u00f6retag finns det flera byggnader p\u00e5 tomten med otaliga m\u00f6jligheter. L\u00e5t oss ber\u00e4tta om vilka m\u00f6jligheter som finns och skapa en of\u00f6rgl\u00f6mlig upplevelse f\u00f6r alla. Om du har egna \u00f6nskem\u00e5l eller &hellip; <a href=\"https:\/\/kallekamel.se\/?page_id=136\">Forts\u00e4tt l\u00e4sa <span class=\"meta-nav\">&rarr;<\/span><\/a><\/p>\n","protected":false},"author":1,"featured_media":0,"parent":110,"menu_order":9,"comment_status":"closed","ping_status":"closed","template":"","meta":{"footnotes":""},"class_list":["post-136","page","type-page","status-publish","hentry"],"_links":{"self":[{"href":"https:\/\/kallekamel.se\/index.php?rest_route=\/wp\/v2\/pages\/136","targetHints":{"allow":["GET"]}}],"collection":[{"href":"https:\/\/kallekamel.se\/index.php?rest_route=\/wp\/v2\/pages"}],"about":[{"href":"https:\/\/kallekamel.se\/index.php?rest_route=\/wp\/v2\/types\/page"}],"author":[{"embeddable":true,"href":"https:\/\/kallekamel.se\/index.php?rest_route=\/wp\/v2\/users\/1"}],"replies":[{"embeddable":true,"href":"https:\/\/kallekamel.se\/index.php?rest_route=%2Fwp%2Fv2%2Fcomments&post=136"}],"version-history":[{"count":23,"href":"https:\/\/kallekamel.se\/index.php?rest_route=\/wp\/v2\/pages\/136\/revisions"}],"predecessor-version":[{"id":1886,"href":"https:\/\/kallekamel.se\/index.php?rest_route=\/wp\/v2\/pages\/136\/revisions\/1886"}],"up":[{"embeddable":true,"href":"https:\/\/kallekamel.se\/index.php?rest_route=\/wp\/v2\/pages\/110"}],"wp:attachment":[{"href":"https:\/\/kallekamel.se\/index.php?rest_route=%2Fwp%2Fv2%2Fmedia&parent=136"}],"curies":[{"name":"wp","href":"https:\/\/api.w.org\/{rel}","templated":true}]}}