{"id":126,"date":"2011-03-29T15:09:28","date_gmt":"2011-03-29T14:09:28","guid":{"rendered":"http:\/\/kallekamel.se\/?page_id=126"},"modified":"2011-04-03T12:41:48","modified_gmt":"2011-04-03T11:41:48","slug":"gamla-viker","status":"publish","type":"page","link":"https:\/\/kallekamel.se\/?page_id=126","title":{"rendered":"Gamla Viker"},"content":{"rendered":"<p>Gamla Viker ligger natursk\u00f6nt vid sj\u00f6n Vikern, mellan Nora och Karlskoga. I byn f\u00ednns flera bergsmansg\u00e5rdar fr\u00e5n 1700-talet. H\u00e4r fanns tidigare en hytta som lades ner 1789.<\/p>\n","protected":false},"excerpt":{"rendered":"<p>Gamla Viker ligger natursk\u00f6nt vid sj\u00f6n Vikern, mellan Nora och Karlskoga. I byn f\u00ednns flera bergsmansg\u00e5rdar fr\u00e5n 1700-talet. H\u00e4r fanns tidigare en hytta som lades ner 1789.<\/p>\n","protected":false},"author":1,"featured_media":0,"parent":71,"menu_order":5,"comment_status":"closed","ping_status":"closed","template":"","meta":{"footnotes":""},"class_list":["post-126","page","type-page","status-publish","hentry"],"_links":{"self":[{"href":"https:\/\/kallekamel.se\/index.php?rest_route=\/wp\/v2\/pages\/126","targetHints":{"allow":["GET"]}}],"collection":[{"href":"https:\/\/kallekamel.se\/index.php?rest_route=\/wp\/v2\/pages"}],"about":[{"href":"https:\/\/kallekamel.se\/index.php?rest_route=\/wp\/v2\/types\/page"}],"author":[{"embeddable":true,"href":"https:\/\/kallekamel.se\/index.php?rest_route=\/wp\/v2\/users\/1"}],"replies":[{"embeddable":true,"href":"https:\/\/kallekamel.se\/index.php?rest_route=%2Fwp%2Fv2%2Fcomments&post=126"}],"version-history":[{"count":4,"href":"https:\/\/kallekamel.se\/index.php?rest_route=\/wp\/v2\/pages\/126\/revisions"}],"predecessor-version":[{"id":212,"href":"https:\/\/kallekamel.se\/index.php?rest_route=\/wp\/v2\/pages\/126\/revisions\/212"}],"up":[{"embeddable":true,"href":"https:\/\/kallekamel.se\/index.php?rest_route=\/wp\/v2\/pages\/71"}],"wp:attachment":[{"href":"https:\/\/kallekamel.se\/index.php?rest_route=%2Fwp%2Fv2%2Fmedia&parent=126"}],"curies":[{"name":"wp","href":"https:\/\/api.w.org\/{rel}","templated":true}]}}