{"id":124,"date":"2011-03-29T15:07:01","date_gmt":"2011-03-29T14:07:01","guid":{"rendered":"http:\/\/kallekamel.se\/?page_id=124"},"modified":"2014-07-19T15:24:34","modified_gmt":"2014-07-19T13:24:34","slug":"garden","status":"publish","type":"page","link":"https:\/\/kallekamel.se\/?page_id=124","title":{"rendered":"G\u00e5rden"},"content":{"rendered":"<p><img loading=\"lazy\" decoding=\"async\" class=\"alignright\" title=\"huset\" src=\"https:\/\/lh4.googleusercontent.com\/_GUEcMAWMXd4\/TY3SwpbYsJI\/AAAAAAAAAHI\/tsRVGZHg92A\/s288\/kalle%20kamel%20med%20fam%20025.JPG\" alt=\"\" width=\"288\" height=\"216\" \/><img loading=\"lazy\" decoding=\"async\" class=\"alignleft\" title=\"gamla stugan\" src=\"https:\/\/lh4.googleusercontent.com\/_GUEcMAWMXd4\/TY3SUw8TejI\/AAAAAAAAAG4\/RR4QaK2HELo\/s288\/DSC02835.JPG\" alt=\"\" width=\"288\" height=\"216\" \/><br \/>\nG\u00e5rden \u00e4r en bergsmansg\u00e5rd fr\u00e5n 1700-talet d\u00e4r s\u00e5v\u00e4l mang\u00e5rdsbyggnad som samtliga tio uthus bevarats i ursprungligt skick. Den gamla bagarstugan och smedjan fungerar \u00e4n idag och \u00e4r bara ett par exempel p\u00e5 den kulturhistoriska milj\u00f6 som g\u00e5rden erbjuder. G\u00e5rden \u00e4r vackert bel\u00e4gen vid sj\u00f6n Vikern med kringliggande sl\u00e5tter\u00e4ngar d\u00e4r det v\u00e4xer gullviva, mandelblom, kattfot och bl\u00e5 viol.<\/p>\n<p><img loading=\"lazy\" decoding=\"async\" class=\"aligncenter\" title=\"G\u00e5rden\" src=\"https:\/\/lh3.googleusercontent.com\/_GUEcMAWMXd4\/TZjAuQdt9vI\/AAAAAAAAATo\/hE7n_BK18kU\/s400\/DSC02929.JPG\" alt=\"\" width=\"400\" height=\"300\" \/><\/p>\n<p><a href=\"https:\/\/media.kallekamel.se\/2011\/03\/IMG_0142.jpg\"><img loading=\"lazy\" decoding=\"async\" class=\"aligncenter size-full wp-image-2139\" title=\"Bagarstugan\" src=\"https:\/\/media.kallekamel.se\/2011\/03\/IMG_0142.jpg\" alt=\"\" width=\"5472\" height=\"3648\" srcset=\"https:\/\/media.kallekamel.se\/2011\/03\/IMG_0142.jpg 5472w, https:\/\/media.kallekamel.se\/2011\/03\/IMG_0142-300x200.jpg 300w, https:\/\/media.kallekamel.se\/2011\/03\/IMG_0142-1024x682.jpg 1024w\" sizes=\"auto, (max-width: 5472px) 100vw, 5472px\" \/><\/a><\/p>\n","protected":false},"excerpt":{"rendered":"<p>G\u00e5rden \u00e4r en bergsmansg\u00e5rd fr\u00e5n 1700-talet d\u00e4r s\u00e5v\u00e4l mang\u00e5rdsbyggnad som samtliga tio uthus bevarats i ursprungligt skick. Den gamla bagarstugan och smedjan fungerar \u00e4n idag och \u00e4r bara ett par exempel p\u00e5 den kulturhistoriska milj\u00f6 som g\u00e5rden erbjuder. G\u00e5rden \u00e4r &hellip; <a href=\"https:\/\/kallekamel.se\/?page_id=124\">Forts\u00e4tt l\u00e4sa <span class=\"meta-nav\">&rarr;<\/span><\/a><\/p>\n","protected":false},"author":1,"featured_media":0,"parent":71,"menu_order":4,"comment_status":"closed","ping_status":"closed","template":"","meta":{"footnotes":""},"class_list":["post-124","page","type-page","status-publish","hentry"],"_links":{"self":[{"href":"https:\/\/kallekamel.se\/index.php?rest_route=\/wp\/v2\/pages\/124","targetHints":{"allow":["GET"]}}],"collection":[{"href":"https:\/\/kallekamel.se\/index.php?rest_route=\/wp\/v2\/pages"}],"about":[{"href":"https:\/\/kallekamel.se\/index.php?rest_route=\/wp\/v2\/types\/page"}],"author":[{"embeddable":true,"href":"https:\/\/kallekamel.se\/index.php?rest_route=\/wp\/v2\/users\/1"}],"replies":[{"embeddable":true,"href":"https:\/\/kallekamel.se\/index.php?rest_route=%2Fwp%2Fv2%2Fcomments&post=124"}],"version-history":[{"count":10,"href":"https:\/\/kallekamel.se\/index.php?rest_route=\/wp\/v2\/pages\/124\/revisions"}],"predecessor-version":[{"id":206,"href":"https:\/\/kallekamel.se\/index.php?rest_route=\/wp\/v2\/pages\/124\/revisions\/206"}],"up":[{"embeddable":true,"href":"https:\/\/kallekamel.se\/index.php?rest_route=\/wp\/v2\/pages\/71"}],"wp:attachment":[{"href":"https:\/\/kallekamel.se\/index.php?rest_route=%2Fwp%2Fv2%2Fmedia&parent=124"}],"curies":[{"name":"wp","href":"https:\/\/api.w.org\/{rel}","templated":true}]}}