{"id":1009,"date":"2011-10-17T20:49:50","date_gmt":"2011-10-17T18:49:50","guid":{"rendered":"http:\/\/kallekamel.se\/?page_id=1009"},"modified":"2024-02-12T21:37:41","modified_gmt":"2024-02-12T19:37:41","slug":"en-helg-med-kalle-i-gamla-viker","status":"publish","type":"page","link":"https:\/\/kallekamel.se\/?page_id=1009","title":{"rendered":"En minisemester hos Kalle"},"content":{"rendered":"<p>Tillbringa n\u00e5gra dagar med Kalle Kamel och hans familj.<br \/>\nNjut av det idylliska Gamla Viker i Bergslagen. Upplev n\u00e5gra roliga och mysiga dagar i en kulturhistorisk milj\u00f6.<br \/>\nNi f\u00e5r hela Kalle kamels g\u00e4sthus f\u00f6r er sj\u00e4lva.<\/p>\n<p><img loading=\"lazy\" decoding=\"async\" class=\"aligncenter\" title=\"Kalle kamele Premi\u00e4rgrupp\" src=\"https:\/\/lh4.googleusercontent.com\/-ve_esUk6gHI\/TmnWmH5O2YI\/AAAAAAAAA10\/mMe6496FrpY\/s640\/gruppbuffet.jpg\" alt=\"\" width=\"640\" height=\"480\" \/><\/p>\n<ul>\n<li>Bes\u00f6ket inleds med fika i den gamla smedjan i ljuset fr\u00e5n eldh\u00e4rden.<\/li>\n<li>Inger ber\u00e4ttar om kamelerna.<\/li>\n<li>Karavanf\u00e4rd.<\/li>\n<li>Efter karavanf\u00e4rden har ni m\u00f6jlighet att fr\u00e4scha upp er i g\u00e4sthuset.<\/li>\n<li>Kv\u00e4llen inleds med en kontemplativ drink i den sakrala vink\u00e4llaren<\/li>\n<li>P\u00e5 kv\u00e4llen bjuder vi p\u00e5 Rysk-centralasiatisk buff\u00e9 i bagarstugan eller salen d\u00e4r brasan sprakar hemtrevligt.<\/li>\n<li>Efter middagen kan du ta en kv\u00e4llspromenad l\u00e4ngs sj\u00f6n Vikern.<\/li>\n<li>Efter en god natts s\u00f6mn serveras frukost i salen eller i karavanserajen tillsammans med kamelerna.<\/li>\n<\/ul>\n<p>Minst 6 personer Pris: 1520:- per person inkl \u00f6vernattning frukost och hela programmet.<\/p>\n<p>Passa p\u00e5 att se er om i Vikersbyarna eller i tr\u00e4staden Nora.<br \/>\nHusdjur v\u00e4lkomna.<\/p>\n<p><em><strong>Inger Haglund och Kalle Kamel med familj h\u00e4lsar er v\u00e4lkomna!<\/strong><\/em><\/p>\n<p>Kontakta <a title=\"Kontakta oss\" href=\"https:\/\/kallekamel.se\/?page_id=444\">Inger<\/a> f\u00f6r att f\u00e5 veta mer!<\/p>\n","protected":false},"excerpt":{"rendered":"<p>Tillbringa n\u00e5gra dagar med Kalle Kamel och hans familj. Njut av det idylliska Gamla Viker i Bergslagen. Upplev n\u00e5gra roliga och mysiga dagar i en kulturhistorisk milj\u00f6. Ni f\u00e5r hela Kalle kamels g\u00e4sthus f\u00f6r er sj\u00e4lva. Bes\u00f6ket inleds med fika &hellip; <a href=\"https:\/\/kallekamel.se\/?page_id=1009\">Forts\u00e4tt l\u00e4sa <span class=\"meta-nav\">&rarr;<\/span><\/a><\/p>\n","protected":false},"author":1,"featured_media":0,"parent":110,"menu_order":2,"comment_status":"closed","ping_status":"closed","template":"","meta":{"footnotes":""},"class_list":["post-1009","page","type-page","status-publish","hentry"],"_links":{"self":[{"href":"https:\/\/kallekamel.se\/index.php?rest_route=\/wp\/v2\/pages\/1009","targetHints":{"allow":["GET"]}}],"collection":[{"href":"https:\/\/kallekamel.se\/index.php?rest_route=\/wp\/v2\/pages"}],"about":[{"href":"https:\/\/kallekamel.se\/index.php?rest_route=\/wp\/v2\/types\/page"}],"author":[{"embeddable":true,"href":"https:\/\/kallekamel.se\/index.php?rest_route=\/wp\/v2\/users\/1"}],"replies":[{"embeddable":true,"href":"https:\/\/kallekamel.se\/index.php?rest_route=%2Fwp%2Fv2%2Fcomments&post=1009"}],"version-history":[{"count":16,"href":"https:\/\/kallekamel.se\/index.php?rest_route=\/wp\/v2\/pages\/1009\/revisions"}],"predecessor-version":[{"id":3438,"href":"https:\/\/kallekamel.se\/index.php?rest_route=\/wp\/v2\/pages\/1009\/revisions\/3438"}],"up":[{"embeddable":true,"href":"https:\/\/kallekamel.se\/index.php?rest_route=\/wp\/v2\/pages\/110"}],"wp:attachment":[{"href":"https:\/\/kallekamel.se\/index.php?rest_route=%2Fwp%2Fv2%2Fmedia&parent=1009"}],"curies":[{"name":"wp","href":"https:\/\/api.w.org\/{rel}","templated":true}]}}